{"id":12670,"date":"2021-04-13T13:17:40","date_gmt":"2021-04-13T13:44:25","guid":{"rendered":"https:\/\/ripples-saddle-pad.com\/produkty\/korekcna-podlozka-ripples\/"},"modified":"2022-01-11T14:56:22","modified_gmt":"2022-01-11T14:56:22","slug":"korekcna-podlozka-ripples","status":"publish","type":"product","link":"https:\/\/ripples-saddle-pad.com\/sk\/produkty\/korekcna-podlozka-ripples\/","title":{"rendered":"Korek\u010dn\u00e1 podlo\u017eka Ripples"},"content":{"rendered":"<p><span style=\"font-weight: 400;\">Vytv\u00e1ra korekciu v prednej \u010dasti sedla. Zosilnenie 2 cm v oblasti lopatiek a koh\u00fatika.<\/span><\/p>\n<p><strong>Materi\u00e1l:<\/strong><\/p>\n<p>3 mm &#8211; netkan\u00e1 text\u00edlia 100 % PES<br \/>\n12 mm &#8211; netkan\u00e1 text\u00edlia 50% PES 50% POP<br \/>\n4 mm &#8211; netkan\u00e1 text\u00edlia 50% PES 50% POP<\/p>\n<p><strong>Farby: \u010dierna, b\u00e9\u017eov\u00e1 (mo\u017eno dopytova\u0165 aj in\u00e9 farby)<\/strong><\/p>\n","protected":false},"excerpt":{"rendered":"<p><span style=\"font-weight: 400;\">Korek\u010dn\u00e1 podlo\u017eka pod westernov\u00e9 sedlo. <\/span><\/p>\n","protected":false},"featured_media":12659,"template":"","meta":[],"product_brand":[],"product_cat":[353,562],"product_tag":[],"class_list":{"0":"post-12670","1":"product","2":"type-product","3":"status-publish","4":"has-post-thumbnail","6":"product_cat-westernove-podsedlove-deky","7":"product_cat-korekcne-podlozky","9":"first","10":"instock","11":"shipping-taxable","12":"purchasable","13":"product-type-variable","14":"has-default-attributes"},"yoast_head":"<!-- This site is optimized with the Yoast SEO plugin v26.6 - https:\/\/yoast.com\/wordpress\/plugins\/seo\/ -->\n<title>Korek\u010dn\u00e1 podlo\u017eka Ripples - Ripples Saddle Pad<\/title>\n<meta name=\"description\" content=\"Korek\u010dn\u00e1 podlo\u017eka pod westernov\u00e9 sedlo. Vytv\u00e1ra korekciu v prednej \u010dasti sedla. Zosilnenie 2 cm v oblasti lopatiek a koh\u00fatika.\" \/>\n<meta name=\"robots\" content=\"index, follow, max-snippet:-1, max-image-preview:large, max-video-preview:-1\" \/>\n<link rel=\"canonical\" href=\"https:\/\/ripples-saddle-pad.com\/sk\/produkty\/korekcna-podlozka-ripples\/\" \/>\n<meta property=\"og:locale\" content=\"sk_SK\" \/>\n<meta property=\"og:type\" content=\"article\" \/>\n<meta property=\"og:title\" content=\"Korek\u010dn\u00e1 podlo\u017eka Ripples - Ripples Saddle Pad\" \/>\n<meta property=\"og:description\" content=\"Korek\u010dn\u00e1 podlo\u017eka pod westernov\u00e9 sedlo. Vytv\u00e1ra korekciu v prednej \u010dasti sedla. Zosilnenie 2 cm v oblasti lopatiek a koh\u00fatika.\" \/>\n<meta property=\"og:url\" content=\"https:\/\/ripples-saddle-pad.com\/sk\/produkty\/korekcna-podlozka-ripples\/\" \/>\n<meta property=\"og:site_name\" content=\"Ripples Saddle Pad\" \/>\n<meta property=\"article:publisher\" content=\"https:\/\/www.facebook.com\/RipplesSaddlePad\/\" \/>\n<meta property=\"article:modified_time\" content=\"2022-01-11T14:56:22+00:00\" \/>\n<meta property=\"og:image\" content=\"https:\/\/ripples-saddle-pad.com\/wp-content\/uploads\/2021\/04\/Black-pad.jpg\" \/>\n\t<meta property=\"og:image:width\" content=\"1024\" \/>\n\t<meta property=\"og:image:height\" content=\"768\" \/>\n\t<meta property=\"og:image:type\" content=\"image\/jpeg\" \/>\n<meta name=\"twitter:card\" content=\"summary_large_image\" \/>\n<script type=\"application\/ld+json\" class=\"yoast-schema-graph\">{\"@context\":\"https:\/\/schema.org\",\"@graph\":[{\"@type\":\"WebPage\",\"@id\":\"https:\/\/ripples-saddle-pad.com\/sk\/produkty\/korekcna-podlozka-ripples\/\",\"url\":\"https:\/\/ripples-saddle-pad.com\/sk\/produkty\/korekcna-podlozka-ripples\/\",\"name\":\"Korek\u010dn\u00e1 podlo\u017eka Ripples - Ripples Saddle Pad\",\"isPartOf\":{\"@id\":\"https:\/\/ripples-saddle-pad.com\/sk\/#website\"},\"primaryImageOfPage\":{\"@id\":\"https:\/\/ripples-saddle-pad.com\/sk\/produkty\/korekcna-podlozka-ripples\/#primaryimage\"},\"image\":{\"@id\":\"https:\/\/ripples-saddle-pad.com\/sk\/produkty\/korekcna-podlozka-ripples\/#primaryimage\"},\"thumbnailUrl\":\"https:\/\/ripples-saddle-pad.com\/wp-content\/uploads\/2021\/04\/Black-pad.jpg\",\"datePublished\":\"2021-04-13T13:44:25+00:00\",\"dateModified\":\"2022-01-11T14:56:22+00:00\",\"description\":\"Korek\u010dn\u00e1 podlo\u017eka pod westernov\u00e9 sedlo. Vytv\u00e1ra korekciu v prednej \u010dasti sedla. Zosilnenie 2 cm v oblasti lopatiek a koh\u00fatika.\",\"breadcrumb\":{\"@id\":\"https:\/\/ripples-saddle-pad.com\/sk\/produkty\/korekcna-podlozka-ripples\/#breadcrumb\"},\"inLanguage\":\"sk-SK\",\"potentialAction\":[{\"@type\":\"ReadAction\",\"target\":[\"https:\/\/ripples-saddle-pad.com\/sk\/produkty\/korekcna-podlozka-ripples\/\"]}]},{\"@type\":\"ImageObject\",\"inLanguage\":\"sk-SK\",\"@id\":\"https:\/\/ripples-saddle-pad.com\/sk\/produkty\/korekcna-podlozka-ripples\/#primaryimage\",\"url\":\"https:\/\/ripples-saddle-pad.com\/wp-content\/uploads\/2021\/04\/Black-pad.jpg\",\"contentUrl\":\"https:\/\/ripples-saddle-pad.com\/wp-content\/uploads\/2021\/04\/Black-pad.jpg\",\"width\":1024,\"height\":768},{\"@type\":\"BreadcrumbList\",\"@id\":\"https:\/\/ripples-saddle-pad.com\/sk\/produkty\/korekcna-podlozka-ripples\/#breadcrumb\",\"itemListElement\":[{\"@type\":\"ListItem\",\"position\":1,\"name\":\"Dom\u016f\",\"item\":\"https:\/\/ripples-saddle-pad.com\/sk\/\"},{\"@type\":\"ListItem\",\"position\":2,\"name\":\"Shop\",\"item\":\"https:\/\/ripples-saddle-pad.com\/sk\/shop\/\"},{\"@type\":\"ListItem\",\"position\":3,\"name\":\"Korek\u010dn\u00e1 podlo\u017eka Ripples\"}]},{\"@type\":\"WebSite\",\"@id\":\"https:\/\/ripples-saddle-pad.com\/sk\/#website\",\"url\":\"https:\/\/ripples-saddle-pad.com\/sk\/\",\"name\":\"Ripples Saddle Pad\",\"description\":\"Westernov\u00e9 podsedlov\u00e9 deky\",\"publisher\":{\"@id\":\"https:\/\/ripples-saddle-pad.com\/sk\/#organization\"},\"potentialAction\":[{\"@type\":\"SearchAction\",\"target\":{\"@type\":\"EntryPoint\",\"urlTemplate\":\"https:\/\/ripples-saddle-pad.com\/sk\/?s={search_term_string}\"},\"query-input\":{\"@type\":\"PropertyValueSpecification\",\"valueRequired\":true,\"valueName\":\"search_term_string\"}}],\"inLanguage\":\"sk-SK\"},{\"@type\":\"Organization\",\"@id\":\"https:\/\/ripples-saddle-pad.com\/sk\/#organization\",\"name\":\"Ripples Saddle Pad\",\"url\":\"https:\/\/ripples-saddle-pad.com\/sk\/\",\"logo\":{\"@type\":\"ImageObject\",\"inLanguage\":\"sk-SK\",\"@id\":\"https:\/\/ripples-saddle-pad.com\/sk\/#\/schema\/logo\/image\/\",\"url\":\"https:\/\/ripples-saddle-pad.com\/wp-content\/uploads\/2018\/12\/logo.png\",\"contentUrl\":\"https:\/\/ripples-saddle-pad.com\/wp-content\/uploads\/2018\/12\/logo.png\",\"width\":174,\"height\":40,\"caption\":\"Ripples Saddle Pad\"},\"image\":{\"@id\":\"https:\/\/ripples-saddle-pad.com\/sk\/#\/schema\/logo\/image\/\"},\"sameAs\":[\"https:\/\/www.facebook.com\/RipplesSaddlePad\/\",\"https:\/\/www.instagram.com\/ripplessaddlepad\/\"]}]}<\/script>\n<!-- \/ Yoast SEO plugin. -->","yoast_head_json":{"title":"Korek\u010dn\u00e1 podlo\u017eka Ripples - Ripples Saddle Pad","description":"Korek\u010dn\u00e1 podlo\u017eka pod westernov\u00e9 sedlo. Vytv\u00e1ra korekciu v prednej \u010dasti sedla. Zosilnenie 2 cm v oblasti lopatiek a koh\u00fatika.","robots":{"index":"index","follow":"follow","max-snippet":"max-snippet:-1","max-image-preview":"max-image-preview:large","max-video-preview":"max-video-preview:-1"},"canonical":"https:\/\/ripples-saddle-pad.com\/sk\/produkty\/korekcna-podlozka-ripples\/","og_locale":"sk_SK","og_type":"article","og_title":"Korek\u010dn\u00e1 podlo\u017eka Ripples - Ripples Saddle Pad","og_description":"Korek\u010dn\u00e1 podlo\u017eka pod westernov\u00e9 sedlo. Vytv\u00e1ra korekciu v prednej \u010dasti sedla. Zosilnenie 2 cm v oblasti lopatiek a koh\u00fatika.","og_url":"https:\/\/ripples-saddle-pad.com\/sk\/produkty\/korekcna-podlozka-ripples\/","og_site_name":"Ripples Saddle Pad","article_publisher":"https:\/\/www.facebook.com\/RipplesSaddlePad\/","article_modified_time":"2022-01-11T14:56:22+00:00","og_image":[{"width":1024,"height":768,"url":"https:\/\/ripples-saddle-pad.com\/wp-content\/uploads\/2021\/04\/Black-pad.jpg","type":"image\/jpeg"}],"twitter_card":"summary_large_image","schema":{"@context":"https:\/\/schema.org","@graph":[{"@type":"WebPage","@id":"https:\/\/ripples-saddle-pad.com\/sk\/produkty\/korekcna-podlozka-ripples\/","url":"https:\/\/ripples-saddle-pad.com\/sk\/produkty\/korekcna-podlozka-ripples\/","name":"Korek\u010dn\u00e1 podlo\u017eka Ripples - Ripples Saddle Pad","isPartOf":{"@id":"https:\/\/ripples-saddle-pad.com\/sk\/#website"},"primaryImageOfPage":{"@id":"https:\/\/ripples-saddle-pad.com\/sk\/produkty\/korekcna-podlozka-ripples\/#primaryimage"},"image":{"@id":"https:\/\/ripples-saddle-pad.com\/sk\/produkty\/korekcna-podlozka-ripples\/#primaryimage"},"thumbnailUrl":"https:\/\/ripples-saddle-pad.com\/wp-content\/uploads\/2021\/04\/Black-pad.jpg","datePublished":"2021-04-13T13:44:25+00:00","dateModified":"2022-01-11T14:56:22+00:00","description":"Korek\u010dn\u00e1 podlo\u017eka pod westernov\u00e9 sedlo. Vytv\u00e1ra korekciu v prednej \u010dasti sedla. Zosilnenie 2 cm v oblasti lopatiek a koh\u00fatika.","breadcrumb":{"@id":"https:\/\/ripples-saddle-pad.com\/sk\/produkty\/korekcna-podlozka-ripples\/#breadcrumb"},"inLanguage":"sk-SK","potentialAction":[{"@type":"ReadAction","target":["https:\/\/ripples-saddle-pad.com\/sk\/produkty\/korekcna-podlozka-ripples\/"]}]},{"@type":"ImageObject","inLanguage":"sk-SK","@id":"https:\/\/ripples-saddle-pad.com\/sk\/produkty\/korekcna-podlozka-ripples\/#primaryimage","url":"https:\/\/ripples-saddle-pad.com\/wp-content\/uploads\/2021\/04\/Black-pad.jpg","contentUrl":"https:\/\/ripples-saddle-pad.com\/wp-content\/uploads\/2021\/04\/Black-pad.jpg","width":1024,"height":768},{"@type":"BreadcrumbList","@id":"https:\/\/ripples-saddle-pad.com\/sk\/produkty\/korekcna-podlozka-ripples\/#breadcrumb","itemListElement":[{"@type":"ListItem","position":1,"name":"Dom\u016f","item":"https:\/\/ripples-saddle-pad.com\/sk\/"},{"@type":"ListItem","position":2,"name":"Shop","item":"https:\/\/ripples-saddle-pad.com\/sk\/shop\/"},{"@type":"ListItem","position":3,"name":"Korek\u010dn\u00e1 podlo\u017eka Ripples"}]},{"@type":"WebSite","@id":"https:\/\/ripples-saddle-pad.com\/sk\/#website","url":"https:\/\/ripples-saddle-pad.com\/sk\/","name":"Ripples Saddle Pad","description":"Westernov\u00e9 podsedlov\u00e9 deky","publisher":{"@id":"https:\/\/ripples-saddle-pad.com\/sk\/#organization"},"potentialAction":[{"@type":"SearchAction","target":{"@type":"EntryPoint","urlTemplate":"https:\/\/ripples-saddle-pad.com\/sk\/?s={search_term_string}"},"query-input":{"@type":"PropertyValueSpecification","valueRequired":true,"valueName":"search_term_string"}}],"inLanguage":"sk-SK"},{"@type":"Organization","@id":"https:\/\/ripples-saddle-pad.com\/sk\/#organization","name":"Ripples Saddle Pad","url":"https:\/\/ripples-saddle-pad.com\/sk\/","logo":{"@type":"ImageObject","inLanguage":"sk-SK","@id":"https:\/\/ripples-saddle-pad.com\/sk\/#\/schema\/logo\/image\/","url":"https:\/\/ripples-saddle-pad.com\/wp-content\/uploads\/2018\/12\/logo.png","contentUrl":"https:\/\/ripples-saddle-pad.com\/wp-content\/uploads\/2018\/12\/logo.png","width":174,"height":40,"caption":"Ripples Saddle Pad"},"image":{"@id":"https:\/\/ripples-saddle-pad.com\/sk\/#\/schema\/logo\/image\/"},"sameAs":["https:\/\/www.facebook.com\/RipplesSaddlePad\/","https:\/\/www.instagram.com\/ripplessaddlepad\/"]}]}},"_links":{"self":[{"href":"https:\/\/ripples-saddle-pad.com\/sk\/wp-json\/wp\/v2\/product\/12670","targetHints":{"allow":["GET"]}}],"collection":[{"href":"https:\/\/ripples-saddle-pad.com\/sk\/wp-json\/wp\/v2\/product"}],"about":[{"href":"https:\/\/ripples-saddle-pad.com\/sk\/wp-json\/wp\/v2\/types\/product"}],"wp:featuredmedia":[{"embeddable":true,"href":"https:\/\/ripples-saddle-pad.com\/sk\/wp-json\/wp\/v2\/media\/12659"}],"wp:attachment":[{"href":"https:\/\/ripples-saddle-pad.com\/sk\/wp-json\/wp\/v2\/media?parent=12670"}],"wp:term":[{"taxonomy":"product_brand","embeddable":true,"href":"https:\/\/ripples-saddle-pad.com\/sk\/wp-json\/wp\/v2\/product_brand?post=12670"},{"taxonomy":"product_cat","embeddable":true,"href":"https:\/\/ripples-saddle-pad.com\/sk\/wp-json\/wp\/v2\/product_cat?post=12670"},{"taxonomy":"product_tag","embeddable":true,"href":"https:\/\/ripples-saddle-pad.com\/sk\/wp-json\/wp\/v2\/product_tag?post=12670"}],"curies":[{"name":"wp","href":"https:\/\/api.w.org\/{rel}","templated":true}]}}