{"id":11025,"date":"2020-04-20T13:10:18","date_gmt":"2020-06-09T14:44:11","guid":{"rendered":"https:\/\/ripples-saddle-pad.com\/produkty\/vlnky-podlozka-na-sedlo-double\/"},"modified":"2024-09-29T18:19:13","modified_gmt":"2024-09-29T18:19:13","slug":"ripples-saddle-pad-double","status":"publish","type":"product","link":"https:\/\/ripples-saddle-pad.com\/sk\/produkty\/ripples-saddle-pad-double\/","title":{"rendered":"Ripples Saddle Pad Double"},"content":{"rendered":"<div class=\"pr-list-shortDescription\">\n<p>PODSEDLOV\u00c1 DEKA PRE WESTERNOV\u00c9 JAZDENIE SO ZOSILNEN\u00cdM.<\/p>\n<p><strong>Ru\u010dne vyr\u00e1ban\u00e9. P\u00f4vodn\u00fd tvar. Vynikaj\u00faca prisp\u00f4sobivos\u0165 anat\u00f3mie v\u00e1\u0161ho ko\u0148a.<\/strong><\/p>\n<p>Je tvarovan\u00fd a posilnen\u00fd v miestach, kde doch\u00e1dza k najv\u00e4\u010d\u0161iemu za\u0165a\u017eeniu medzi chrbtom a sedlom. Z\u00e1rove\u0148 je v\u0161ak jeho predn\u00fd obvod st\u00e1le tenk\u00fd, tak\u017ee jazdec nestr\u00e1ca priamy kontakt s ko\u0148om.<\/p>\n<p><strong>Ide\u00e1lne pre:<\/strong><\/p>\n<ul>\n<li><span class=\"text_exposed_show\">mlad\u00e9 kone<br \/>\n<\/span><\/li>\n<li><span class=\"text_exposed_show\">mal\u00e9 kone<br \/>\n<\/span><\/li>\n<li><span class=\"text_exposed_show\">kone s probl\u00e9mami so chrbtom<\/span><\/li>\n<\/ul>\n<p>&nbsp;<\/p>\n<p>Ve\u013ekos\u0165: 80&#215;80 cm<\/p>\n<p>Hr\u00fabka: 2 cm<\/p>\n<p>Hr\u00fabka zosilnenej \u010dasti: 3.3 cm<\/p>\n<div class=\"text_exposed_show\">\n<p><strong>\u010eal\u0161ie v\u00fdhody:<\/strong><\/p>\n<\/div>\n<\/div>\n<div class=\"pr-list-description\">\n<ul>\n<li>Profesion\u00e1lna podsedlov\u00e1 deka.<\/li>\n<li>Unik\u00e1tny kontakt pre jazdcov.<\/li>\n<li>Do vysok\u00fdch a hobby \u0161portov.<\/li>\n<li>Dokonale sa vytvaruje.<\/li>\n<li>Kombin\u00e1cia neopr\u00e9nu a plsti.<\/li>\n<li>Odvetr\u00e1va koh\u00fatik i chrb\u00e1t.<\/li>\n<li>Nepo\u0161mykne sa.<\/li>\n<li>\u013dahko sa udr\u017eiava.<\/li>\n<\/ul>\n<\/div>\n<p>[vc_row content_placement=&#8220;middle&#8220; gradient_colors=&#8220;%5B%7B%7D%5D&#8220; css=&#8220;.vc_custom_1589468620028{padding-top: 10px !important;padding-bottom: 10px !important;background-color: #ffffff !important;background-position: 0 0 !important;background-repeat: no-repeat !important;border-radius: 1px !important;}&#8220; el_id=&#8220;row01&#8243;][vc_column video_bg=&#8220;yes&#8220; video_bg_url=&#8220;&#8220; gradient_colors=&#8220;%5B%7B%7D%5D&#8220; css=&#8220;.vc_custom_1589468409709{background-color: #ffffff !important;background-position: 0 0 !important;background-repeat: no-repeat !important;}&#8220;][single_xtra_features header_title=&#8220;RIPPLES&#8220; header_sub_title=&#8220;vlastnosti&#8220;][single_xtra_feature type=&#8220;pixstroke&#8220; icon_pixstroke=&#8220;pe-7s-smile&#8220; feature_title=&#8220;Ru\u010dne vyr\u00e1ban\u00e9&#8220;][single_xtra_feature type=&#8220;pixstroke&#8220; icon_pixstroke=&#8220;pe-7s-clock&#8220; feature_title=&#8220;R\u00fdchlo schn\u00fa&#8220; icon_pixcustom4=&#8220;pe-7s-clock&#8220;][single_xtra_feature type=&#8220;pixstroke&#8220; icon_pixstroke=&#8220;pe-7s-piggy&#8220; feature_title=&#8220;Odoln\u00e9&#8220;][single_xtra_feature type=&#8220;pixstroke&#8220; icon_pixstroke=&#8220;pe-7s-drop&#8220; feature_title=&#8220;Pohodln\u00e9&#8220;][\/single_xtra_features][\/vc_column][\/vc_row]<\/p>\n<p>&nbsp;<\/p>\n","protected":false},"excerpt":{"rendered":"<p>R\u00f4zne farebn\u00e9 vzory &#8211; vyberte farbu pre zobrazenie obrazu<\/p>\n","protected":false},"featured_media":12680,"template":"","meta":[],"product_brand":[],"product_cat":[353],"product_tag":[],"class_list":{"0":"post-11025","1":"product","2":"type-product","3":"status-publish","4":"has-post-thumbnail","6":"product_cat-westernove-podsedlove-deky","8":"first","9":"instock","10":"shipping-taxable","11":"purchasable","12":"product-type-variable","13":"has-default-attributes"},"yoast_head":"<!-- This site is optimized with the Yoast SEO plugin v26.6 - https:\/\/yoast.com\/wordpress\/plugins\/seo\/ -->\n<title>Sedlo Ripples Saddle Pad Double z\u00e1padnej deka - zosilnen\u00e9<\/title>\n<meta name=\"description\" content=\"Westernov\u00e1 podsedlov\u00e1 deka s vystu\u017een\u00edm najviac nap\u00e4t\u00e9 \u010dasti - ide\u00e1lne pre mlad\u00fdch a mal\u00fdch kon\u00ed, alebo kone s probl\u00e9mami so chrbtom. Manu\u00e1lna \u010desk\u00e1 v\u00fdroba.\" \/>\n<meta name=\"robots\" content=\"index, follow, max-snippet:-1, max-image-preview:large, max-video-preview:-1\" \/>\n<link rel=\"canonical\" href=\"https:\/\/ripples-saddle-pad.com\/sk\/produkty\/ripples-saddle-pad-double\/\" \/>\n<meta property=\"og:locale\" content=\"sk_SK\" \/>\n<meta property=\"og:type\" content=\"article\" \/>\n<meta property=\"og:title\" content=\"Sedlo Ripples Saddle Pad Double z\u00e1padnej deka - zosilnen\u00e9\" \/>\n<meta property=\"og:description\" content=\"Westernov\u00e1 podsedlov\u00e1 deka s vystu\u017een\u00edm najviac nap\u00e4t\u00e9 \u010dasti - ide\u00e1lne pre mlad\u00fdch a mal\u00fdch kon\u00ed, alebo kone s probl\u00e9mami so chrbtom. Manu\u00e1lna \u010desk\u00e1 v\u00fdroba.\" \/>\n<meta property=\"og:url\" content=\"https:\/\/ripples-saddle-pad.com\/sk\/produkty\/ripples-saddle-pad-double\/\" \/>\n<meta property=\"og:site_name\" content=\"Ripples Saddle Pad\" \/>\n<meta property=\"article:publisher\" content=\"https:\/\/www.facebook.com\/RipplesSaddlePad\/\" \/>\n<meta property=\"article:modified_time\" content=\"2024-09-29T18:19:13+00:00\" \/>\n<meta property=\"og:image\" content=\"https:\/\/ripples-saddle-pad.com\/wp-content\/uploads\/2021\/04\/Westernova_podsedlova_deka_zesilena_IMG_2156modr\u00e1452.jpg\" \/>\n\t<meta property=\"og:image:width\" content=\"978\" \/>\n\t<meta property=\"og:image:height\" content=\"734\" \/>\n\t<meta property=\"og:image:type\" content=\"image\/jpeg\" \/>\n<meta name=\"twitter:card\" content=\"summary_large_image\" \/>\n<meta name=\"twitter:label1\" content=\"Predpokladan\u00fd \u010das \u010d\u00edtania\" \/>\n\t<meta name=\"twitter:data1\" content=\"1 min\u00fata\" \/>\n<script type=\"application\/ld+json\" class=\"yoast-schema-graph\">{\"@context\":\"https:\/\/schema.org\",\"@graph\":[{\"@type\":\"WebPage\",\"@id\":\"https:\/\/ripples-saddle-pad.com\/sk\/produkty\/ripples-saddle-pad-double\/\",\"url\":\"https:\/\/ripples-saddle-pad.com\/sk\/produkty\/ripples-saddle-pad-double\/\",\"name\":\"Sedlo Ripples Saddle Pad Double z\u00e1padnej deka - zosilnen\u00e9\",\"isPartOf\":{\"@id\":\"https:\/\/ripples-saddle-pad.com\/sk\/#website\"},\"primaryImageOfPage\":{\"@id\":\"https:\/\/ripples-saddle-pad.com\/sk\/produkty\/ripples-saddle-pad-double\/#primaryimage\"},\"image\":{\"@id\":\"https:\/\/ripples-saddle-pad.com\/sk\/produkty\/ripples-saddle-pad-double\/#primaryimage\"},\"thumbnailUrl\":\"https:\/\/ripples-saddle-pad.com\/wp-content\/uploads\/2021\/04\/Westernova_podsedlova_deka_zesilena_IMG_2156modr\u00e1452.jpg\",\"datePublished\":\"2020-06-09T14:44:11+00:00\",\"dateModified\":\"2024-09-29T18:19:13+00:00\",\"description\":\"Westernov\u00e1 podsedlov\u00e1 deka s vystu\u017een\u00edm najviac nap\u00e4t\u00e9 \u010dasti - ide\u00e1lne pre mlad\u00fdch a mal\u00fdch kon\u00ed, alebo kone s probl\u00e9mami so chrbtom. Manu\u00e1lna \u010desk\u00e1 v\u00fdroba.\",\"breadcrumb\":{\"@id\":\"https:\/\/ripples-saddle-pad.com\/sk\/produkty\/ripples-saddle-pad-double\/#breadcrumb\"},\"inLanguage\":\"sk-SK\",\"potentialAction\":[{\"@type\":\"ReadAction\",\"target\":[\"https:\/\/ripples-saddle-pad.com\/sk\/produkty\/ripples-saddle-pad-double\/\"]}]},{\"@type\":\"ImageObject\",\"inLanguage\":\"sk-SK\",\"@id\":\"https:\/\/ripples-saddle-pad.com\/sk\/produkty\/ripples-saddle-pad-double\/#primaryimage\",\"url\":\"https:\/\/ripples-saddle-pad.com\/wp-content\/uploads\/2021\/04\/Westernova_podsedlova_deka_zesilena_IMG_2156modr\u00e1452.jpg\",\"contentUrl\":\"https:\/\/ripples-saddle-pad.com\/wp-content\/uploads\/2021\/04\/Westernova_podsedlova_deka_zesilena_IMG_2156modr\u00e1452.jpg\",\"width\":978,\"height\":734},{\"@type\":\"BreadcrumbList\",\"@id\":\"https:\/\/ripples-saddle-pad.com\/sk\/produkty\/ripples-saddle-pad-double\/#breadcrumb\",\"itemListElement\":[{\"@type\":\"ListItem\",\"position\":1,\"name\":\"Dom\u016f\",\"item\":\"https:\/\/ripples-saddle-pad.com\/sk\/\"},{\"@type\":\"ListItem\",\"position\":2,\"name\":\"Shop\",\"item\":\"https:\/\/ripples-saddle-pad.com\/sk\/shop\/\"},{\"@type\":\"ListItem\",\"position\":3,\"name\":\"Ripples Saddle Pad Double\"}]},{\"@type\":\"WebSite\",\"@id\":\"https:\/\/ripples-saddle-pad.com\/sk\/#website\",\"url\":\"https:\/\/ripples-saddle-pad.com\/sk\/\",\"name\":\"Ripples Saddle Pad\",\"description\":\"Westernov\u00e9 podsedlov\u00e9 deky\",\"publisher\":{\"@id\":\"https:\/\/ripples-saddle-pad.com\/sk\/#organization\"},\"potentialAction\":[{\"@type\":\"SearchAction\",\"target\":{\"@type\":\"EntryPoint\",\"urlTemplate\":\"https:\/\/ripples-saddle-pad.com\/sk\/?s={search_term_string}\"},\"query-input\":{\"@type\":\"PropertyValueSpecification\",\"valueRequired\":true,\"valueName\":\"search_term_string\"}}],\"inLanguage\":\"sk-SK\"},{\"@type\":\"Organization\",\"@id\":\"https:\/\/ripples-saddle-pad.com\/sk\/#organization\",\"name\":\"Ripples Saddle Pad\",\"url\":\"https:\/\/ripples-saddle-pad.com\/sk\/\",\"logo\":{\"@type\":\"ImageObject\",\"inLanguage\":\"sk-SK\",\"@id\":\"https:\/\/ripples-saddle-pad.com\/sk\/#\/schema\/logo\/image\/\",\"url\":\"https:\/\/ripples-saddle-pad.com\/wp-content\/uploads\/2018\/12\/logo.png\",\"contentUrl\":\"https:\/\/ripples-saddle-pad.com\/wp-content\/uploads\/2018\/12\/logo.png\",\"width\":174,\"height\":40,\"caption\":\"Ripples Saddle Pad\"},\"image\":{\"@id\":\"https:\/\/ripples-saddle-pad.com\/sk\/#\/schema\/logo\/image\/\"},\"sameAs\":[\"https:\/\/www.facebook.com\/RipplesSaddlePad\/\",\"https:\/\/www.instagram.com\/ripplessaddlepad\/\"]}]}<\/script>\n<!-- \/ Yoast SEO plugin. -->","yoast_head_json":{"title":"Sedlo Ripples Saddle Pad Double z\u00e1padnej deka - zosilnen\u00e9","description":"Westernov\u00e1 podsedlov\u00e1 deka s vystu\u017een\u00edm najviac nap\u00e4t\u00e9 \u010dasti - ide\u00e1lne pre mlad\u00fdch a mal\u00fdch kon\u00ed, alebo kone s probl\u00e9mami so chrbtom. Manu\u00e1lna \u010desk\u00e1 v\u00fdroba.","robots":{"index":"index","follow":"follow","max-snippet":"max-snippet:-1","max-image-preview":"max-image-preview:large","max-video-preview":"max-video-preview:-1"},"canonical":"https:\/\/ripples-saddle-pad.com\/sk\/produkty\/ripples-saddle-pad-double\/","og_locale":"sk_SK","og_type":"article","og_title":"Sedlo Ripples Saddle Pad Double z\u00e1padnej deka - zosilnen\u00e9","og_description":"Westernov\u00e1 podsedlov\u00e1 deka s vystu\u017een\u00edm najviac nap\u00e4t\u00e9 \u010dasti - ide\u00e1lne pre mlad\u00fdch a mal\u00fdch kon\u00ed, alebo kone s probl\u00e9mami so chrbtom. Manu\u00e1lna \u010desk\u00e1 v\u00fdroba.","og_url":"https:\/\/ripples-saddle-pad.com\/sk\/produkty\/ripples-saddle-pad-double\/","og_site_name":"Ripples Saddle Pad","article_publisher":"https:\/\/www.facebook.com\/RipplesSaddlePad\/","article_modified_time":"2024-09-29T18:19:13+00:00","og_image":[{"width":978,"height":734,"url":"https:\/\/ripples-saddle-pad.com\/wp-content\/uploads\/2021\/04\/Westernova_podsedlova_deka_zesilena_IMG_2156modr\u00e1452.jpg","type":"image\/jpeg"}],"twitter_card":"summary_large_image","twitter_misc":{"Predpokladan\u00fd \u010das \u010d\u00edtania":"1 min\u00fata"},"schema":{"@context":"https:\/\/schema.org","@graph":[{"@type":"WebPage","@id":"https:\/\/ripples-saddle-pad.com\/sk\/produkty\/ripples-saddle-pad-double\/","url":"https:\/\/ripples-saddle-pad.com\/sk\/produkty\/ripples-saddle-pad-double\/","name":"Sedlo Ripples Saddle Pad Double z\u00e1padnej deka - zosilnen\u00e9","isPartOf":{"@id":"https:\/\/ripples-saddle-pad.com\/sk\/#website"},"primaryImageOfPage":{"@id":"https:\/\/ripples-saddle-pad.com\/sk\/produkty\/ripples-saddle-pad-double\/#primaryimage"},"image":{"@id":"https:\/\/ripples-saddle-pad.com\/sk\/produkty\/ripples-saddle-pad-double\/#primaryimage"},"thumbnailUrl":"https:\/\/ripples-saddle-pad.com\/wp-content\/uploads\/2021\/04\/Westernova_podsedlova_deka_zesilena_IMG_2156modr\u00e1452.jpg","datePublished":"2020-06-09T14:44:11+00:00","dateModified":"2024-09-29T18:19:13+00:00","description":"Westernov\u00e1 podsedlov\u00e1 deka s vystu\u017een\u00edm najviac nap\u00e4t\u00e9 \u010dasti - ide\u00e1lne pre mlad\u00fdch a mal\u00fdch kon\u00ed, alebo kone s probl\u00e9mami so chrbtom. Manu\u00e1lna \u010desk\u00e1 v\u00fdroba.","breadcrumb":{"@id":"https:\/\/ripples-saddle-pad.com\/sk\/produkty\/ripples-saddle-pad-double\/#breadcrumb"},"inLanguage":"sk-SK","potentialAction":[{"@type":"ReadAction","target":["https:\/\/ripples-saddle-pad.com\/sk\/produkty\/ripples-saddle-pad-double\/"]}]},{"@type":"ImageObject","inLanguage":"sk-SK","@id":"https:\/\/ripples-saddle-pad.com\/sk\/produkty\/ripples-saddle-pad-double\/#primaryimage","url":"https:\/\/ripples-saddle-pad.com\/wp-content\/uploads\/2021\/04\/Westernova_podsedlova_deka_zesilena_IMG_2156modr\u00e1452.jpg","contentUrl":"https:\/\/ripples-saddle-pad.com\/wp-content\/uploads\/2021\/04\/Westernova_podsedlova_deka_zesilena_IMG_2156modr\u00e1452.jpg","width":978,"height":734},{"@type":"BreadcrumbList","@id":"https:\/\/ripples-saddle-pad.com\/sk\/produkty\/ripples-saddle-pad-double\/#breadcrumb","itemListElement":[{"@type":"ListItem","position":1,"name":"Dom\u016f","item":"https:\/\/ripples-saddle-pad.com\/sk\/"},{"@type":"ListItem","position":2,"name":"Shop","item":"https:\/\/ripples-saddle-pad.com\/sk\/shop\/"},{"@type":"ListItem","position":3,"name":"Ripples Saddle Pad Double"}]},{"@type":"WebSite","@id":"https:\/\/ripples-saddle-pad.com\/sk\/#website","url":"https:\/\/ripples-saddle-pad.com\/sk\/","name":"Ripples Saddle Pad","description":"Westernov\u00e9 podsedlov\u00e9 deky","publisher":{"@id":"https:\/\/ripples-saddle-pad.com\/sk\/#organization"},"potentialAction":[{"@type":"SearchAction","target":{"@type":"EntryPoint","urlTemplate":"https:\/\/ripples-saddle-pad.com\/sk\/?s={search_term_string}"},"query-input":{"@type":"PropertyValueSpecification","valueRequired":true,"valueName":"search_term_string"}}],"inLanguage":"sk-SK"},{"@type":"Organization","@id":"https:\/\/ripples-saddle-pad.com\/sk\/#organization","name":"Ripples Saddle Pad","url":"https:\/\/ripples-saddle-pad.com\/sk\/","logo":{"@type":"ImageObject","inLanguage":"sk-SK","@id":"https:\/\/ripples-saddle-pad.com\/sk\/#\/schema\/logo\/image\/","url":"https:\/\/ripples-saddle-pad.com\/wp-content\/uploads\/2018\/12\/logo.png","contentUrl":"https:\/\/ripples-saddle-pad.com\/wp-content\/uploads\/2018\/12\/logo.png","width":174,"height":40,"caption":"Ripples Saddle Pad"},"image":{"@id":"https:\/\/ripples-saddle-pad.com\/sk\/#\/schema\/logo\/image\/"},"sameAs":["https:\/\/www.facebook.com\/RipplesSaddlePad\/","https:\/\/www.instagram.com\/ripplessaddlepad\/"]}]}},"_links":{"self":[{"href":"https:\/\/ripples-saddle-pad.com\/sk\/wp-json\/wp\/v2\/product\/11025","targetHints":{"allow":["GET"]}}],"collection":[{"href":"https:\/\/ripples-saddle-pad.com\/sk\/wp-json\/wp\/v2\/product"}],"about":[{"href":"https:\/\/ripples-saddle-pad.com\/sk\/wp-json\/wp\/v2\/types\/product"}],"wp:featuredmedia":[{"embeddable":true,"href":"https:\/\/ripples-saddle-pad.com\/sk\/wp-json\/wp\/v2\/media\/12680"}],"wp:attachment":[{"href":"https:\/\/ripples-saddle-pad.com\/sk\/wp-json\/wp\/v2\/media?parent=11025"}],"wp:term":[{"taxonomy":"product_brand","embeddable":true,"href":"https:\/\/ripples-saddle-pad.com\/sk\/wp-json\/wp\/v2\/product_brand?post=11025"},{"taxonomy":"product_cat","embeddable":true,"href":"https:\/\/ripples-saddle-pad.com\/sk\/wp-json\/wp\/v2\/product_cat?post=11025"},{"taxonomy":"product_tag","embeddable":true,"href":"https:\/\/ripples-saddle-pad.com\/sk\/wp-json\/wp\/v2\/product_tag?post=11025"}],"curies":[{"name":"wp","href":"https:\/\/api.w.org\/{rel}","templated":true}]}}