{"id":10985,"date":"2020-04-21T08:41:22","date_gmt":"2020-06-09T14:44:08","guid":{"rendered":"https:\/\/ripples-saddle-pad.com\/produkty\/vlnky-podlozka-na-sedlo\/"},"modified":"2024-09-29T18:18:17","modified_gmt":"2024-09-29T18:18:17","slug":"ripples-saddle-pad","status":"publish","type":"product","link":"https:\/\/ripples-saddle-pad.com\/sk\/produkty\/ripples-saddle-pad\/","title":{"rendered":"Ripples Saddle Pad Classic"},"content":{"rendered":"<div class=\"pr-list-shortDescription\">\n<p>Podsedlov\u00e1 deka pre westernov\u00e9 jazdenie.<\/p>\n<p><strong>Ru\u010dn\u00e1 v\u00fdroba. Origin\u00e1lny tvar. Vynikaj\u00faca prisp\u00f4sobivos\u0165 anat\u00f3mie v\u00e1\u0161ho ko\u0148a.<\/strong><\/p>\n<\/div>\n<div class=\"pr-list-description\">\n<ul>\n<li>Profesion\u00e1lna podsedlov\u00e1 deka.<\/li>\n<li>Unik\u00e1tny kontakt pre jazdcov.<\/li>\n<li>Do vysok\u00fdch a hobby \u0161portov.<\/li>\n<li>Dokonale sa vytvaruje.<\/li>\n<li>Kombin\u00e1cia neopr\u00e9nu a plsti.<\/li>\n<li>Odvetr\u00e1va koh\u00fatik i chrb\u00e1t.<\/li>\n<li>Nepo\u0161mykne sa.<\/li>\n<li>\u013dahko sa udr\u017eiava.<\/li>\n<\/ul>\n<p>[vc_row content_placement=&#8220;middle&#8220; gradient_colors=&#8220;%5B%7B%7D%5D&#8220; css=&#8220;.vc_custom_1589468620028{padding-top: 10px !important;padding-bottom: 10px !important;background-color: #ffffff !important;background-position: 0 0 !important;background-repeat: no-repeat !important;border-radius: 1px !important;}&#8220; el_id=&#8220;row01&#8243;][vc_column video_bg=&#8220;yes&#8220; video_bg_url=&#8220;&#8220; gradient_colors=&#8220;%5B%7B%7D%5D&#8220; css=&#8220;.vc_custom_1589468409709{background-color: #ffffff !important;background-position: 0 0 !important;background-repeat: no-repeat !important;}&#8220;][single_xtra_features header_title=&#8220;RIPPLES&#8220; header_sub_title=&#8220;vlastnosti&#8220;][single_xtra_feature type=&#8220;pixstroke&#8220; icon_pixstroke=&#8220;pe-7s-smile&#8220; feature_title=&#8220;Ru\u010dne vyr\u00e1ban\u00e9&#8220;][single_xtra_feature type=&#8220;pixstroke&#8220; icon_pixstroke=&#8220;pe-7s-clock&#8220; feature_title=&#8220;R\u00fdchlo schn\u00fa&#8220; icon_pixcustom4=&#8220;pe-7s-clock&#8220;][single_xtra_feature type=&#8220;pixstroke&#8220; icon_pixstroke=&#8220;pe-7s-piggy&#8220; feature_title=&#8220;Odoln\u00e9&#8220;][single_xtra_feature type=&#8220;pixstroke&#8220; icon_pixstroke=&#8220;pe-7s-drop&#8220; feature_title=&#8220;Pohodln\u00e9&#8220;][\/single_xtra_features][\/vc_column][\/vc_row]<\/p>\n<p>&nbsp;<\/p>\n<\/div>\n","protected":false},"excerpt":{"rendered":"<p>R\u00f4zne farebn\u00e9 vzory &#8211; vyberte farbu pre zobrazenie obr\u00e1zka<\/p>\n","protected":false},"featured_media":12676,"template":"","meta":[],"product_brand":[],"product_cat":[353],"product_tag":[],"class_list":{"0":"post-10985","1":"product","2":"type-product","3":"status-publish","4":"has-post-thumbnail","6":"product_cat-westernove-podsedlove-deky","8":"first","9":"instock","10":"shipping-taxable","11":"purchasable","12":"product-type-variable","13":"has-default-attributes"},"yoast_head":"<!-- This site is optimized with the Yoast SEO plugin v26.6 - https:\/\/yoast.com\/wordpress\/plugins\/seo\/ -->\n<title>Podsedlov\u00e1 westernov\u00e1 deka Ripples Saddle Pad Classic - ru\u010dn\u00e1 v\u00fdroba<\/title>\n<meta name=\"description\" content=\"Posedlov\u00e1 deka pre westernov\u00e9 jazdenie. Ru\u010dn\u00e1 v\u00fdroba. Origin\u00e1lny tvar. Vynikaj\u00faca prisp\u00f4sobivos\u0165 anat\u00f3mie ko\u0148a. V\u00fdber z mnoh\u00fdch farieb.\" \/>\n<meta name=\"robots\" content=\"index, follow, max-snippet:-1, max-image-preview:large, max-video-preview:-1\" \/>\n<link rel=\"canonical\" href=\"https:\/\/ripples-saddle-pad.com\/sk\/produkty\/ripples-saddle-pad\/\" \/>\n<meta property=\"og:locale\" content=\"sk_SK\" \/>\n<meta property=\"og:type\" content=\"article\" \/>\n<meta property=\"og:title\" content=\"Podsedlov\u00e1 westernov\u00e1 deka Ripples Saddle Pad Classic - ru\u010dn\u00e1 v\u00fdroba\" \/>\n<meta property=\"og:description\" content=\"Posedlov\u00e1 deka pre westernov\u00e9 jazdenie. Ru\u010dn\u00e1 v\u00fdroba. Origin\u00e1lny tvar. Vynikaj\u00faca prisp\u00f4sobivos\u0165 anat\u00f3mie ko\u0148a. V\u00fdber z mnoh\u00fdch farieb.\" \/>\n<meta property=\"og:url\" content=\"https:\/\/ripples-saddle-pad.com\/sk\/produkty\/ripples-saddle-pad\/\" \/>\n<meta property=\"og:site_name\" content=\"Ripples Saddle Pad\" \/>\n<meta property=\"article:publisher\" content=\"https:\/\/www.facebook.com\/RipplesSaddlePad\/\" \/>\n<meta property=\"article:modified_time\" content=\"2024-09-29T18:18:17+00:00\" \/>\n<meta property=\"og:image\" content=\"https:\/\/ripples-saddle-pad.com\/wp-content\/uploads\/2021\/04\/Westernova_podsedlova_deka_48-5_ruzova-432-1024x768-1.jpg\" \/>\n\t<meta property=\"og:image:width\" content=\"906\" \/>\n\t<meta property=\"og:image:height\" content=\"679\" \/>\n\t<meta property=\"og:image:type\" content=\"image\/jpeg\" \/>\n<meta name=\"twitter:card\" content=\"summary_large_image\" \/>\n<meta name=\"twitter:label1\" content=\"Predpokladan\u00fd \u010das \u010d\u00edtania\" \/>\n\t<meta name=\"twitter:data1\" content=\"1 min\u00fata\" \/>\n<script type=\"application\/ld+json\" class=\"yoast-schema-graph\">{\"@context\":\"https:\/\/schema.org\",\"@graph\":[{\"@type\":\"WebPage\",\"@id\":\"https:\/\/ripples-saddle-pad.com\/sk\/produkty\/ripples-saddle-pad\/\",\"url\":\"https:\/\/ripples-saddle-pad.com\/sk\/produkty\/ripples-saddle-pad\/\",\"name\":\"Podsedlov\u00e1 westernov\u00e1 deka Ripples Saddle Pad Classic - ru\u010dn\u00e1 v\u00fdroba\",\"isPartOf\":{\"@id\":\"https:\/\/ripples-saddle-pad.com\/sk\/#website\"},\"primaryImageOfPage\":{\"@id\":\"https:\/\/ripples-saddle-pad.com\/sk\/produkty\/ripples-saddle-pad\/#primaryimage\"},\"image\":{\"@id\":\"https:\/\/ripples-saddle-pad.com\/sk\/produkty\/ripples-saddle-pad\/#primaryimage\"},\"thumbnailUrl\":\"https:\/\/ripples-saddle-pad.com\/wp-content\/uploads\/2021\/04\/Westernova_podsedlova_deka_48-5_ruzova-432-1024x768-1.jpg\",\"datePublished\":\"2020-06-09T14:44:08+00:00\",\"dateModified\":\"2024-09-29T18:18:17+00:00\",\"description\":\"Posedlov\u00e1 deka pre westernov\u00e9 jazdenie. Ru\u010dn\u00e1 v\u00fdroba. Origin\u00e1lny tvar. Vynikaj\u00faca prisp\u00f4sobivos\u0165 anat\u00f3mie ko\u0148a. V\u00fdber z mnoh\u00fdch farieb.\",\"breadcrumb\":{\"@id\":\"https:\/\/ripples-saddle-pad.com\/sk\/produkty\/ripples-saddle-pad\/#breadcrumb\"},\"inLanguage\":\"sk-SK\",\"potentialAction\":[{\"@type\":\"ReadAction\",\"target\":[\"https:\/\/ripples-saddle-pad.com\/sk\/produkty\/ripples-saddle-pad\/\"]}]},{\"@type\":\"ImageObject\",\"inLanguage\":\"sk-SK\",\"@id\":\"https:\/\/ripples-saddle-pad.com\/sk\/produkty\/ripples-saddle-pad\/#primaryimage\",\"url\":\"https:\/\/ripples-saddle-pad.com\/wp-content\/uploads\/2021\/04\/Westernova_podsedlova_deka_48-5_ruzova-432-1024x768-1.jpg\",\"contentUrl\":\"https:\/\/ripples-saddle-pad.com\/wp-content\/uploads\/2021\/04\/Westernova_podsedlova_deka_48-5_ruzova-432-1024x768-1.jpg\",\"width\":906,\"height\":679},{\"@type\":\"BreadcrumbList\",\"@id\":\"https:\/\/ripples-saddle-pad.com\/sk\/produkty\/ripples-saddle-pad\/#breadcrumb\",\"itemListElement\":[{\"@type\":\"ListItem\",\"position\":1,\"name\":\"Dom\u016f\",\"item\":\"https:\/\/ripples-saddle-pad.com\/sk\/\"},{\"@type\":\"ListItem\",\"position\":2,\"name\":\"Shop\",\"item\":\"https:\/\/ripples-saddle-pad.com\/sk\/shop\/\"},{\"@type\":\"ListItem\",\"position\":3,\"name\":\"Ripples Saddle Pad Classic\"}]},{\"@type\":\"WebSite\",\"@id\":\"https:\/\/ripples-saddle-pad.com\/sk\/#website\",\"url\":\"https:\/\/ripples-saddle-pad.com\/sk\/\",\"name\":\"Ripples Saddle Pad\",\"description\":\"Westernov\u00e9 podsedlov\u00e9 deky\",\"publisher\":{\"@id\":\"https:\/\/ripples-saddle-pad.com\/sk\/#organization\"},\"potentialAction\":[{\"@type\":\"SearchAction\",\"target\":{\"@type\":\"EntryPoint\",\"urlTemplate\":\"https:\/\/ripples-saddle-pad.com\/sk\/?s={search_term_string}\"},\"query-input\":{\"@type\":\"PropertyValueSpecification\",\"valueRequired\":true,\"valueName\":\"search_term_string\"}}],\"inLanguage\":\"sk-SK\"},{\"@type\":\"Organization\",\"@id\":\"https:\/\/ripples-saddle-pad.com\/sk\/#organization\",\"name\":\"Ripples Saddle Pad\",\"url\":\"https:\/\/ripples-saddle-pad.com\/sk\/\",\"logo\":{\"@type\":\"ImageObject\",\"inLanguage\":\"sk-SK\",\"@id\":\"https:\/\/ripples-saddle-pad.com\/sk\/#\/schema\/logo\/image\/\",\"url\":\"https:\/\/ripples-saddle-pad.com\/wp-content\/uploads\/2018\/12\/logo.png\",\"contentUrl\":\"https:\/\/ripples-saddle-pad.com\/wp-content\/uploads\/2018\/12\/logo.png\",\"width\":174,\"height\":40,\"caption\":\"Ripples Saddle Pad\"},\"image\":{\"@id\":\"https:\/\/ripples-saddle-pad.com\/sk\/#\/schema\/logo\/image\/\"},\"sameAs\":[\"https:\/\/www.facebook.com\/RipplesSaddlePad\/\",\"https:\/\/www.instagram.com\/ripplessaddlepad\/\"]}]}<\/script>\n<!-- \/ Yoast SEO plugin. -->","yoast_head_json":{"title":"Podsedlov\u00e1 westernov\u00e1 deka Ripples Saddle Pad Classic - ru\u010dn\u00e1 v\u00fdroba","description":"Posedlov\u00e1 deka pre westernov\u00e9 jazdenie. Ru\u010dn\u00e1 v\u00fdroba. Origin\u00e1lny tvar. Vynikaj\u00faca prisp\u00f4sobivos\u0165 anat\u00f3mie ko\u0148a. V\u00fdber z mnoh\u00fdch farieb.","robots":{"index":"index","follow":"follow","max-snippet":"max-snippet:-1","max-image-preview":"max-image-preview:large","max-video-preview":"max-video-preview:-1"},"canonical":"https:\/\/ripples-saddle-pad.com\/sk\/produkty\/ripples-saddle-pad\/","og_locale":"sk_SK","og_type":"article","og_title":"Podsedlov\u00e1 westernov\u00e1 deka Ripples Saddle Pad Classic - ru\u010dn\u00e1 v\u00fdroba","og_description":"Posedlov\u00e1 deka pre westernov\u00e9 jazdenie. Ru\u010dn\u00e1 v\u00fdroba. Origin\u00e1lny tvar. Vynikaj\u00faca prisp\u00f4sobivos\u0165 anat\u00f3mie ko\u0148a. V\u00fdber z mnoh\u00fdch farieb.","og_url":"https:\/\/ripples-saddle-pad.com\/sk\/produkty\/ripples-saddle-pad\/","og_site_name":"Ripples Saddle Pad","article_publisher":"https:\/\/www.facebook.com\/RipplesSaddlePad\/","article_modified_time":"2024-09-29T18:18:17+00:00","og_image":[{"width":906,"height":679,"url":"https:\/\/ripples-saddle-pad.com\/wp-content\/uploads\/2021\/04\/Westernova_podsedlova_deka_48-5_ruzova-432-1024x768-1.jpg","type":"image\/jpeg"}],"twitter_card":"summary_large_image","twitter_misc":{"Predpokladan\u00fd \u010das \u010d\u00edtania":"1 min\u00fata"},"schema":{"@context":"https:\/\/schema.org","@graph":[{"@type":"WebPage","@id":"https:\/\/ripples-saddle-pad.com\/sk\/produkty\/ripples-saddle-pad\/","url":"https:\/\/ripples-saddle-pad.com\/sk\/produkty\/ripples-saddle-pad\/","name":"Podsedlov\u00e1 westernov\u00e1 deka Ripples Saddle Pad Classic - ru\u010dn\u00e1 v\u00fdroba","isPartOf":{"@id":"https:\/\/ripples-saddle-pad.com\/sk\/#website"},"primaryImageOfPage":{"@id":"https:\/\/ripples-saddle-pad.com\/sk\/produkty\/ripples-saddle-pad\/#primaryimage"},"image":{"@id":"https:\/\/ripples-saddle-pad.com\/sk\/produkty\/ripples-saddle-pad\/#primaryimage"},"thumbnailUrl":"https:\/\/ripples-saddle-pad.com\/wp-content\/uploads\/2021\/04\/Westernova_podsedlova_deka_48-5_ruzova-432-1024x768-1.jpg","datePublished":"2020-06-09T14:44:08+00:00","dateModified":"2024-09-29T18:18:17+00:00","description":"Posedlov\u00e1 deka pre westernov\u00e9 jazdenie. Ru\u010dn\u00e1 v\u00fdroba. Origin\u00e1lny tvar. Vynikaj\u00faca prisp\u00f4sobivos\u0165 anat\u00f3mie ko\u0148a. V\u00fdber z mnoh\u00fdch farieb.","breadcrumb":{"@id":"https:\/\/ripples-saddle-pad.com\/sk\/produkty\/ripples-saddle-pad\/#breadcrumb"},"inLanguage":"sk-SK","potentialAction":[{"@type":"ReadAction","target":["https:\/\/ripples-saddle-pad.com\/sk\/produkty\/ripples-saddle-pad\/"]}]},{"@type":"ImageObject","inLanguage":"sk-SK","@id":"https:\/\/ripples-saddle-pad.com\/sk\/produkty\/ripples-saddle-pad\/#primaryimage","url":"https:\/\/ripples-saddle-pad.com\/wp-content\/uploads\/2021\/04\/Westernova_podsedlova_deka_48-5_ruzova-432-1024x768-1.jpg","contentUrl":"https:\/\/ripples-saddle-pad.com\/wp-content\/uploads\/2021\/04\/Westernova_podsedlova_deka_48-5_ruzova-432-1024x768-1.jpg","width":906,"height":679},{"@type":"BreadcrumbList","@id":"https:\/\/ripples-saddle-pad.com\/sk\/produkty\/ripples-saddle-pad\/#breadcrumb","itemListElement":[{"@type":"ListItem","position":1,"name":"Dom\u016f","item":"https:\/\/ripples-saddle-pad.com\/sk\/"},{"@type":"ListItem","position":2,"name":"Shop","item":"https:\/\/ripples-saddle-pad.com\/sk\/shop\/"},{"@type":"ListItem","position":3,"name":"Ripples Saddle Pad Classic"}]},{"@type":"WebSite","@id":"https:\/\/ripples-saddle-pad.com\/sk\/#website","url":"https:\/\/ripples-saddle-pad.com\/sk\/","name":"Ripples Saddle Pad","description":"Westernov\u00e9 podsedlov\u00e9 deky","publisher":{"@id":"https:\/\/ripples-saddle-pad.com\/sk\/#organization"},"potentialAction":[{"@type":"SearchAction","target":{"@type":"EntryPoint","urlTemplate":"https:\/\/ripples-saddle-pad.com\/sk\/?s={search_term_string}"},"query-input":{"@type":"PropertyValueSpecification","valueRequired":true,"valueName":"search_term_string"}}],"inLanguage":"sk-SK"},{"@type":"Organization","@id":"https:\/\/ripples-saddle-pad.com\/sk\/#organization","name":"Ripples Saddle Pad","url":"https:\/\/ripples-saddle-pad.com\/sk\/","logo":{"@type":"ImageObject","inLanguage":"sk-SK","@id":"https:\/\/ripples-saddle-pad.com\/sk\/#\/schema\/logo\/image\/","url":"https:\/\/ripples-saddle-pad.com\/wp-content\/uploads\/2018\/12\/logo.png","contentUrl":"https:\/\/ripples-saddle-pad.com\/wp-content\/uploads\/2018\/12\/logo.png","width":174,"height":40,"caption":"Ripples Saddle Pad"},"image":{"@id":"https:\/\/ripples-saddle-pad.com\/sk\/#\/schema\/logo\/image\/"},"sameAs":["https:\/\/www.facebook.com\/RipplesSaddlePad\/","https:\/\/www.instagram.com\/ripplessaddlepad\/"]}]}},"_links":{"self":[{"href":"https:\/\/ripples-saddle-pad.com\/sk\/wp-json\/wp\/v2\/product\/10985","targetHints":{"allow":["GET"]}}],"collection":[{"href":"https:\/\/ripples-saddle-pad.com\/sk\/wp-json\/wp\/v2\/product"}],"about":[{"href":"https:\/\/ripples-saddle-pad.com\/sk\/wp-json\/wp\/v2\/types\/product"}],"wp:featuredmedia":[{"embeddable":true,"href":"https:\/\/ripples-saddle-pad.com\/sk\/wp-json\/wp\/v2\/media\/12676"}],"wp:attachment":[{"href":"https:\/\/ripples-saddle-pad.com\/sk\/wp-json\/wp\/v2\/media?parent=10985"}],"wp:term":[{"taxonomy":"product_brand","embeddable":true,"href":"https:\/\/ripples-saddle-pad.com\/sk\/wp-json\/wp\/v2\/product_brand?post=10985"},{"taxonomy":"product_cat","embeddable":true,"href":"https:\/\/ripples-saddle-pad.com\/sk\/wp-json\/wp\/v2\/product_cat?post=10985"},{"taxonomy":"product_tag","embeddable":true,"href":"https:\/\/ripples-saddle-pad.com\/sk\/wp-json\/wp\/v2\/product_tag?post=10985"}],"curies":[{"name":"wp","href":"https:\/\/api.w.org\/{rel}","templated":true}]}}