{"id":13049,"date":"2022-09-13T12:10:18","date_gmt":"2022-09-13T12:10:33","guid":{"rendered":"https:\/\/ripples-saddle-pad.com\/?post_type=product&#038;p=13049"},"modified":"2024-09-29T19:36:36","modified_gmt":"2024-09-29T19:36:36","slug":"ripples-saddle-pad-deluxe","status":"publish","type":"product","link":"https:\/\/ripples-saddle-pad.com\/de\/produkty\/ripples-saddle-pad-deluxe\/","title":{"rendered":"Ripples Saddle Pad Deluxe"},"content":{"rendered":"<div class=\"pr-list-shortDescription\">\n<p>WESTERNPAD F\u00dcR WESTERNREITEN<\/p>\n<p>Im Gegensatz zum klassischen Design hat die <strong>Deluxe<\/strong>-Variante einen farbigen 3 mm Anteil aus <strong>Wollfilz<\/strong>.<\/p>\n<p><strong>Handgemacht. Originelle Form. Ausgezeichnete Anpassungsf\u00e4higkeit an die Anatomie Ihres Pferdes.<\/strong><\/p>\n<\/div>\n<div class=\"pr-list-description\">\n<ul>\n<li style=\"font-weight: 400;\"><span style=\"font-weight: 400;\">Professionelles Westernpad<\/span><\/li>\n<li style=\"font-weight: 400;\"><span style=\"font-weight: 400;\">Einzigartiger Kontakt f\u00fcr Reiter.<\/span><\/li>\n<li style=\"font-weight: 400;\"><span style=\"font-weight: 400;\">\u00a0F\u00fcr Hoch- und Hobbysportarten.<\/span><\/li>\n<li style=\"font-weight: 400;\"><span style=\"font-weight: 400;\">Es ist perfekt geformt.<\/span><\/li>\n<li style=\"font-weight: 400;\"><span style=\"font-weight: 400;\">Eine Kombination aus Neopren und Filz.<\/span><\/li>\n<li style=\"font-weight: 400;\"><span style=\"font-weight: 400;\">Bel\u00fcftung des Widerristes und des R\u00fcckens.<\/span><\/li>\n<li style=\"font-weight: 400;\"><span style=\"font-weight: 400;\">Rutschfest.<\/span><\/li>\n<li style=\"font-weight: 400;\"><span style=\"font-weight: 400;\">Leicht zu pflegen.<\/span><\/li>\n<\/ul>\n<p>[vc_row content_placement=&#8220;middle&#8220; gradient_colors=&#8220;%5B%7B%7D%5D&#8220; css=&#8220;.vc_custom_1589468620028{padding-top: 10px !important;padding-bottom: 10px !important;background-color: #ffffff !important;background-position: 0 0 !important;background-repeat: no-repeat !important;border-radius: 1px !important;}&#8220; el_id=&#8220;row01&#8243;][vc_column video_bg=&#8220;yes&#8220; video_bg_url=&#8220;&#8220; gradient_colors=&#8220;%5B%7B%7D%5D&#8220; css=&#8220;.vc_custom_1589468409709{background-color: #ffffff !important;background-position: 0 0 !important;background-repeat: no-repeat !important;}&#8220;][single_xtra_features header_title=&#8220;RIPPLES&#8220; header_sub_title=&#8220;Eigenschaften&#8220;][single_xtra_feature type=&#8220;pixstroke&#8220; icon_pixstroke=&#8220;pe-7s-smile&#8220; feature_title=&#8220;HANDGEFERTIGT&#8220;][single_xtra_feature type=&#8220;pixstroke&#8220; icon_pixstroke=&#8220;pe-7s-clock&#8220; feature_title=&#8220;SCHNELL TROCKNEN&#8220; icon_pixcustom4=&#8220;pe-7s-clock&#8220;][single_xtra_feature type=&#8220;pixstroke&#8220; icon_pixstroke=&#8220;pe-7s-piggy&#8220; feature_title=&#8220;LANGLEBIG&#8220;][single_xtra_feature type=&#8220;pixstroke&#8220; icon_pixstroke=&#8220;pe-7s-drop&#8220; feature_title=&#8220;KOMFORTABEL&#8220;][\/single_xtra_features][\/vc_column][\/vc_row]<\/p>\n<p>&nbsp;<\/p>\n<p>&nbsp;<\/p>\n<\/div>\n","protected":false},"excerpt":{"rendered":"<p><span style=\"font-weight: 400;\">Verschiedene Farbdesigns &#8211; w\u00e4hlen Sie eine Farbe zur Anzeige des Bildes aus.<\/span><\/p>\n","protected":false},"featured_media":13334,"template":"","meta":[],"product_brand":[],"product_cat":[420],"product_tag":[],"class_list":{"0":"post-13049","1":"product","2":"type-product","3":"status-publish","4":"has-post-thumbnail","6":"product_cat-westernpad","8":"first","9":"instock","10":"shipping-taxable","11":"purchasable","12":"product-type-variable","13":"has-default-attributes"},"yoast_head":"<!-- This site is optimized with the Yoast SEO plugin v26.6 - https:\/\/yoast.com\/wordpress\/plugins\/seo\/ -->\n<title>Westernpad f\u00fcr westernreiten - Professionelles Westernpad<\/title>\n<meta name=\"description\" content=\"Es wird dort geformt und verst\u00e4rkt, wo die gr\u00f6\u00dfte Belastung zwischen dem Pferder\u00fccken und dem Sattel auftritt.\" \/>\n<meta name=\"robots\" content=\"index, follow, max-snippet:-1, max-image-preview:large, max-video-preview:-1\" \/>\n<link rel=\"canonical\" href=\"https:\/\/ripples-saddle-pad.com\/de\/produkty\/ripples-saddle-pad-deluxe\/\" \/>\n<meta property=\"og:locale\" content=\"de_DE\" \/>\n<meta property=\"og:type\" content=\"article\" \/>\n<meta property=\"og:title\" content=\"Westernpad f\u00fcr westernreiten - Professionelles Westernpad\" \/>\n<meta property=\"og:description\" content=\"Es wird dort geformt und verst\u00e4rkt, wo die gr\u00f6\u00dfte Belastung zwischen dem Pferder\u00fccken und dem Sattel auftritt.\" \/>\n<meta property=\"og:url\" content=\"https:\/\/ripples-saddle-pad.com\/de\/produkty\/ripples-saddle-pad-deluxe\/\" \/>\n<meta property=\"og:site_name\" content=\"Ripples Saddle Pad\" \/>\n<meta property=\"article:publisher\" content=\"https:\/\/www.facebook.com\/RipplesSaddlePad\/\" \/>\n<meta property=\"article:modified_time\" content=\"2024-09-29T19:36:36+00:00\" \/>\n<meta property=\"og:image\" content=\"https:\/\/ripples-saddle-pad.com\/wp-content\/uploads\/2022\/09\/podsedlova_deka_western_ripples_saddle_pad_deluxe_2_hlavni.jpg\" \/>\n\t<meta property=\"og:image:width\" content=\"1024\" \/>\n\t<meta property=\"og:image:height\" content=\"768\" \/>\n\t<meta property=\"og:image:type\" content=\"image\/jpeg\" \/>\n<meta name=\"twitter:card\" content=\"summary_large_image\" \/>\n<meta name=\"twitter:label1\" content=\"Gesch\u00e4tzte Lesezeit\" \/>\n\t<meta name=\"twitter:data1\" content=\"1\u00a0Minute\" \/>\n<script type=\"application\/ld+json\" class=\"yoast-schema-graph\">{\"@context\":\"https:\/\/schema.org\",\"@graph\":[{\"@type\":\"WebPage\",\"@id\":\"https:\/\/ripples-saddle-pad.com\/de\/produkty\/ripples-saddle-pad-deluxe\/\",\"url\":\"https:\/\/ripples-saddle-pad.com\/de\/produkty\/ripples-saddle-pad-deluxe\/\",\"name\":\"Westernpad f\u00fcr westernreiten - Professionelles Westernpad\",\"isPartOf\":{\"@id\":\"https:\/\/ripples-saddle-pad.com\/de\/#website\"},\"primaryImageOfPage\":{\"@id\":\"https:\/\/ripples-saddle-pad.com\/de\/produkty\/ripples-saddle-pad-deluxe\/#primaryimage\"},\"image\":{\"@id\":\"https:\/\/ripples-saddle-pad.com\/de\/produkty\/ripples-saddle-pad-deluxe\/#primaryimage\"},\"thumbnailUrl\":\"https:\/\/ripples-saddle-pad.com\/wp-content\/uploads\/2022\/09\/podsedlova_deka_western_ripples_saddle_pad_deluxe_2_hlavni.jpg\",\"datePublished\":\"2022-09-13T12:10:33+00:00\",\"dateModified\":\"2024-09-29T19:36:36+00:00\",\"description\":\"Es wird dort geformt und verst\u00e4rkt, wo die gr\u00f6\u00dfte Belastung zwischen dem Pferder\u00fccken und dem Sattel auftritt.\",\"breadcrumb\":{\"@id\":\"https:\/\/ripples-saddle-pad.com\/de\/produkty\/ripples-saddle-pad-deluxe\/#breadcrumb\"},\"inLanguage\":\"de\",\"potentialAction\":[{\"@type\":\"ReadAction\",\"target\":[\"https:\/\/ripples-saddle-pad.com\/de\/produkty\/ripples-saddle-pad-deluxe\/\"]}]},{\"@type\":\"ImageObject\",\"inLanguage\":\"de\",\"@id\":\"https:\/\/ripples-saddle-pad.com\/de\/produkty\/ripples-saddle-pad-deluxe\/#primaryimage\",\"url\":\"https:\/\/ripples-saddle-pad.com\/wp-content\/uploads\/2022\/09\/podsedlova_deka_western_ripples_saddle_pad_deluxe_2_hlavni.jpg\",\"contentUrl\":\"https:\/\/ripples-saddle-pad.com\/wp-content\/uploads\/2022\/09\/podsedlova_deka_western_ripples_saddle_pad_deluxe_2_hlavni.jpg\",\"width\":1024,\"height\":768},{\"@type\":\"BreadcrumbList\",\"@id\":\"https:\/\/ripples-saddle-pad.com\/de\/produkty\/ripples-saddle-pad-deluxe\/#breadcrumb\",\"itemListElement\":[{\"@type\":\"ListItem\",\"position\":1,\"name\":\"Dom\u016f\",\"item\":\"https:\/\/ripples-saddle-pad.com\/de\/\"},{\"@type\":\"ListItem\",\"position\":2,\"name\":\"Shop\",\"item\":\"https:\/\/ripples-saddle-pad.com\/de\/shop\/\"},{\"@type\":\"ListItem\",\"position\":3,\"name\":\"Ripples Saddle Pad Deluxe\"}]},{\"@type\":\"WebSite\",\"@id\":\"https:\/\/ripples-saddle-pad.com\/de\/#website\",\"url\":\"https:\/\/ripples-saddle-pad.com\/de\/\",\"name\":\"Ripples Saddle Pad\",\"description\":\"Westernov\u00e9 podsedlov\u00e9 deky\",\"publisher\":{\"@id\":\"https:\/\/ripples-saddle-pad.com\/de\/#organization\"},\"potentialAction\":[{\"@type\":\"SearchAction\",\"target\":{\"@type\":\"EntryPoint\",\"urlTemplate\":\"https:\/\/ripples-saddle-pad.com\/de\/?s={search_term_string}\"},\"query-input\":{\"@type\":\"PropertyValueSpecification\",\"valueRequired\":true,\"valueName\":\"search_term_string\"}}],\"inLanguage\":\"de\"},{\"@type\":\"Organization\",\"@id\":\"https:\/\/ripples-saddle-pad.com\/de\/#organization\",\"name\":\"Ripples Saddle Pad\",\"url\":\"https:\/\/ripples-saddle-pad.com\/de\/\",\"logo\":{\"@type\":\"ImageObject\",\"inLanguage\":\"de\",\"@id\":\"https:\/\/ripples-saddle-pad.com\/de\/#\/schema\/logo\/image\/\",\"url\":\"https:\/\/ripples-saddle-pad.com\/wp-content\/uploads\/2018\/12\/logo.png\",\"contentUrl\":\"https:\/\/ripples-saddle-pad.com\/wp-content\/uploads\/2018\/12\/logo.png\",\"width\":174,\"height\":40,\"caption\":\"Ripples Saddle Pad\"},\"image\":{\"@id\":\"https:\/\/ripples-saddle-pad.com\/de\/#\/schema\/logo\/image\/\"},\"sameAs\":[\"https:\/\/www.facebook.com\/RipplesSaddlePad\/\",\"https:\/\/www.instagram.com\/ripplessaddlepad\/\"]}]}<\/script>\n<!-- \/ Yoast SEO plugin. -->","yoast_head_json":{"title":"Westernpad f\u00fcr westernreiten - Professionelles Westernpad","description":"Es wird dort geformt und verst\u00e4rkt, wo die gr\u00f6\u00dfte Belastung zwischen dem Pferder\u00fccken und dem Sattel auftritt.","robots":{"index":"index","follow":"follow","max-snippet":"max-snippet:-1","max-image-preview":"max-image-preview:large","max-video-preview":"max-video-preview:-1"},"canonical":"https:\/\/ripples-saddle-pad.com\/de\/produkty\/ripples-saddle-pad-deluxe\/","og_locale":"de_DE","og_type":"article","og_title":"Westernpad f\u00fcr westernreiten - Professionelles Westernpad","og_description":"Es wird dort geformt und verst\u00e4rkt, wo die gr\u00f6\u00dfte Belastung zwischen dem Pferder\u00fccken und dem Sattel auftritt.","og_url":"https:\/\/ripples-saddle-pad.com\/de\/produkty\/ripples-saddle-pad-deluxe\/","og_site_name":"Ripples Saddle Pad","article_publisher":"https:\/\/www.facebook.com\/RipplesSaddlePad\/","article_modified_time":"2024-09-29T19:36:36+00:00","og_image":[{"width":1024,"height":768,"url":"https:\/\/ripples-saddle-pad.com\/wp-content\/uploads\/2022\/09\/podsedlova_deka_western_ripples_saddle_pad_deluxe_2_hlavni.jpg","type":"image\/jpeg"}],"twitter_card":"summary_large_image","twitter_misc":{"Gesch\u00e4tzte Lesezeit":"1\u00a0Minute"},"schema":{"@context":"https:\/\/schema.org","@graph":[{"@type":"WebPage","@id":"https:\/\/ripples-saddle-pad.com\/de\/produkty\/ripples-saddle-pad-deluxe\/","url":"https:\/\/ripples-saddle-pad.com\/de\/produkty\/ripples-saddle-pad-deluxe\/","name":"Westernpad f\u00fcr westernreiten - Professionelles Westernpad","isPartOf":{"@id":"https:\/\/ripples-saddle-pad.com\/de\/#website"},"primaryImageOfPage":{"@id":"https:\/\/ripples-saddle-pad.com\/de\/produkty\/ripples-saddle-pad-deluxe\/#primaryimage"},"image":{"@id":"https:\/\/ripples-saddle-pad.com\/de\/produkty\/ripples-saddle-pad-deluxe\/#primaryimage"},"thumbnailUrl":"https:\/\/ripples-saddle-pad.com\/wp-content\/uploads\/2022\/09\/podsedlova_deka_western_ripples_saddle_pad_deluxe_2_hlavni.jpg","datePublished":"2022-09-13T12:10:33+00:00","dateModified":"2024-09-29T19:36:36+00:00","description":"Es wird dort geformt und verst\u00e4rkt, wo die gr\u00f6\u00dfte Belastung zwischen dem Pferder\u00fccken und dem Sattel auftritt.","breadcrumb":{"@id":"https:\/\/ripples-saddle-pad.com\/de\/produkty\/ripples-saddle-pad-deluxe\/#breadcrumb"},"inLanguage":"de","potentialAction":[{"@type":"ReadAction","target":["https:\/\/ripples-saddle-pad.com\/de\/produkty\/ripples-saddle-pad-deluxe\/"]}]},{"@type":"ImageObject","inLanguage":"de","@id":"https:\/\/ripples-saddle-pad.com\/de\/produkty\/ripples-saddle-pad-deluxe\/#primaryimage","url":"https:\/\/ripples-saddle-pad.com\/wp-content\/uploads\/2022\/09\/podsedlova_deka_western_ripples_saddle_pad_deluxe_2_hlavni.jpg","contentUrl":"https:\/\/ripples-saddle-pad.com\/wp-content\/uploads\/2022\/09\/podsedlova_deka_western_ripples_saddle_pad_deluxe_2_hlavni.jpg","width":1024,"height":768},{"@type":"BreadcrumbList","@id":"https:\/\/ripples-saddle-pad.com\/de\/produkty\/ripples-saddle-pad-deluxe\/#breadcrumb","itemListElement":[{"@type":"ListItem","position":1,"name":"Dom\u016f","item":"https:\/\/ripples-saddle-pad.com\/de\/"},{"@type":"ListItem","position":2,"name":"Shop","item":"https:\/\/ripples-saddle-pad.com\/de\/shop\/"},{"@type":"ListItem","position":3,"name":"Ripples Saddle Pad Deluxe"}]},{"@type":"WebSite","@id":"https:\/\/ripples-saddle-pad.com\/de\/#website","url":"https:\/\/ripples-saddle-pad.com\/de\/","name":"Ripples Saddle Pad","description":"Westernov\u00e9 podsedlov\u00e9 deky","publisher":{"@id":"https:\/\/ripples-saddle-pad.com\/de\/#organization"},"potentialAction":[{"@type":"SearchAction","target":{"@type":"EntryPoint","urlTemplate":"https:\/\/ripples-saddle-pad.com\/de\/?s={search_term_string}"},"query-input":{"@type":"PropertyValueSpecification","valueRequired":true,"valueName":"search_term_string"}}],"inLanguage":"de"},{"@type":"Organization","@id":"https:\/\/ripples-saddle-pad.com\/de\/#organization","name":"Ripples Saddle Pad","url":"https:\/\/ripples-saddle-pad.com\/de\/","logo":{"@type":"ImageObject","inLanguage":"de","@id":"https:\/\/ripples-saddle-pad.com\/de\/#\/schema\/logo\/image\/","url":"https:\/\/ripples-saddle-pad.com\/wp-content\/uploads\/2018\/12\/logo.png","contentUrl":"https:\/\/ripples-saddle-pad.com\/wp-content\/uploads\/2018\/12\/logo.png","width":174,"height":40,"caption":"Ripples Saddle Pad"},"image":{"@id":"https:\/\/ripples-saddle-pad.com\/de\/#\/schema\/logo\/image\/"},"sameAs":["https:\/\/www.facebook.com\/RipplesSaddlePad\/","https:\/\/www.instagram.com\/ripplessaddlepad\/"]}]}},"_links":{"self":[{"href":"https:\/\/ripples-saddle-pad.com\/de\/wp-json\/wp\/v2\/product\/13049","targetHints":{"allow":["GET"]}}],"collection":[{"href":"https:\/\/ripples-saddle-pad.com\/de\/wp-json\/wp\/v2\/product"}],"about":[{"href":"https:\/\/ripples-saddle-pad.com\/de\/wp-json\/wp\/v2\/types\/product"}],"wp:featuredmedia":[{"embeddable":true,"href":"https:\/\/ripples-saddle-pad.com\/de\/wp-json\/wp\/v2\/media\/13334"}],"wp:attachment":[{"href":"https:\/\/ripples-saddle-pad.com\/de\/wp-json\/wp\/v2\/media?parent=13049"}],"wp:term":[{"taxonomy":"product_brand","embeddable":true,"href":"https:\/\/ripples-saddle-pad.com\/de\/wp-json\/wp\/v2\/product_brand?post=13049"},{"taxonomy":"product_cat","embeddable":true,"href":"https:\/\/ripples-saddle-pad.com\/de\/wp-json\/wp\/v2\/product_cat?post=13049"},{"taxonomy":"product_tag","embeddable":true,"href":"https:\/\/ripples-saddle-pad.com\/de\/wp-json\/wp\/v2\/product_tag?post=13049"}],"curies":[{"name":"wp","href":"https:\/\/api.w.org\/{rel}","templated":true}]}}