{"id":12862,"date":"2022-01-12T14:27:29","date_gmt":"2022-01-12T14:27:29","guid":{"rendered":"https:\/\/ripples-saddle-pad.com\/?page_id=12862"},"modified":"2022-01-12T15:54:40","modified_gmt":"2022-01-12T15:54:40","slug":"verarbeitung-personenbezogener-daten","status":"publish","type":"page","link":"https:\/\/ripples-saddle-pad.com\/de\/verarbeitung-personenbezogener-daten\/","title":{"rendered":"Verarbeitung personenbezogener Daten"},"content":{"rendered":"<p><strong> I. <\/strong> <strong> Grundlegende Bestimmungen <\/strong><\/p>\n<p>1. Der Verantwortliche f\u00fcr personenbezogene Daten gem\u00e4\u00df Artikel 4 Absatz 7 der Verordnung (EU) 2016\/679 des Europ\u00e4ischen Parlaments und des Rates zum Schutz nat\u00fcrlicher Personen in Bezug auf zur Verarbeitung personenbezogener Daten und zum freien Datenverkehr (im Folgenden \u201e<strong> DSGVO <\/strong>\u201c genannt) ist Eva Solansk\u00e1 I\u010c 766 03 679 mit Sitz in Z\u00e1dve\u0159ice 492, 76312 Z\u00e1dve\u0159ice &#8211; Rakov\u00e1 (im Folgenden als \u201e<strong>Administrator <\/strong>\u201c bezeichnet).<\/p>\n<p>2. Die Kontaktdaten des Administrators lauten<\/p>\n<p>Adresse: Z\u00e1dve\u0159ice 492, 76312 Z\u00e1dve\u0159ice &#8211; Rakov\u00e1<\/p>\n<p>E-Mail: evasolanska@seznam.cz<\/p>\n<p>Telefon: +420 777 481 075<\/p>\n<p>3. Personenbezogene Daten sind alle Informationen \u00fcber eine identifizierte oder identifizierbare nat\u00fcrliche Person; eine identifizierbare nat\u00fcrliche Person ist eine nat\u00fcrliche Person, die direkt oder indirekt, insbesondere mittels Zuordnung zu einer bestimmten Kennung wie Name, Kennnummer, Standortdaten, Netzkennung oder einer oder mehreren bestimmten physischen, physiologischen, genetischen, geistigen , wirtschaftliche, kulturelle oder soziale Identit\u00e4t dieser nat\u00fcrlichen Person.<\/p>\n<p>4. Der Verantwortliche hat keinen Datenschutzbeauftragten bestellt.<\/p>\n<p><strong> II. <\/strong> <strong> Quellen und Kategorien der verarbeiteten personenbezogenen Daten <\/strong><\/p>\n<p>1. Der Administrator verarbeitet die personenbezogenen Daten, die Sie ihm zur Verf\u00fcgung gestellt haben oder die der Administrator bei der Ausf\u00fchrung Ihrer Bestellung erhalten hat.<\/p>\n<p>2. Der Administrator verarbeitet Ihre Identifikations- und Kontaktdaten sowie die zur Vertragserf\u00fcllung erforderlichen Daten.<\/p>\n<p><strong> III. <\/strong> <strong> Rechtsgrund und Zweck der Verarbeitung personenbezogener Daten <\/strong><\/p>\n<p>1. Der Rechtsgrund f\u00fcr die Verarbeitung personenbezogener Daten ist<\/p>\n<ul>\n<li>Erf\u00fcllung des Vertrags zwischen Ihnen und dem Administrator gem\u00e4\u00df Artikel 6 (1) (a) b) DSGVO,<\/li>\n<li>das berechtigte Interesse des Administrators an der Bereitstellung von Direktmarketing (insbesondere f\u00fcr den Versand von kommerziellen Mitteilungen und Newslettern) gem\u00e4\u00df Artikel 6 (1) (a) f) DSGVO,<\/li>\n<li>Ihre Zustimmung zur Verarbeitung zum Zwecke der Bereitstellung von Direktmarketing (insbesondere zum Versand von kommerziellen Mitteilungen und Newslettern) gem\u00e4\u00df Artikel 6 (1) (a) a) DSGVO in Verbindung mit \u00a7 7 Abs. 2 des Gesetzes Nr. 480\/2004 Slg. \u00fcber bestimmte Dienste der Informationsgesellschaft f\u00fcr den Fall, dass keine Waren oder Dienstleistungen bestellt wurden.<\/li>\n<\/ul>\n<p>2. Zweck der Die Verarbeitung personenbezogener Daten ist<\/p>\n<ul>\n<li>Bearbeitung Ihrer Bestellung und Aus\u00fcbung der Rechte und Pflichten aus dem Vertragsverh\u00e4ltnis zwischen Ihnen und dem Administrator; bei der Bestellung werden personenbezogene Daten ben\u00f6tigt, die f\u00fcr eine erfolgreiche Auftragserf\u00fcllung erforderlich sind (Name und Anschrift, Kontakt) oder vom Administrator ausf\u00fchren, &lt; \/ li&gt;<\/li>\n<li>Versand von Gesch\u00e4ftsnachrichten und Durchf\u00fchrung anderer Marketingaktivit\u00e4ten.<\/li>\n<\/ul>\n<p>3. Es gibt keine \/ individuelle automatische Entscheidungsfindung durch den Administrator im Sinne von Artikel 22 der DSGVO. Sie haben dieser Verarbeitung ausdr\u00fccklich zugestimmt.<\/p>\n<p><strong> IV. <\/strong> <strong> Datenaufbewahrungsfrist <\/strong><\/p>\n<p>1. Der Administrator speichert personenbezogene Daten<\/p>\n<ul>\n<li>f\u00fcr den Zeitraum, der zur Aus\u00fcbung der Rechte und Pflichten aus dem Vertragsverh\u00e4ltnis zwischen Ihnen und dem Verwalter sowie zur Geltendmachung von Anspr\u00fcchen aus diesem Vertragsverh\u00e4ltnis erforderlich ist (f\u00fcr einen Zeitraum von 15 Jahren ab Beendigung des Vertragsverh\u00e4ltnisses). &lt;\/ li&gt;<\/li>\n<li>f\u00fcr einen Zeitraum vor dem Widerruf der Einwilligung zur Verarbeitung personenbezogener Daten zu Marketingzwecken, f\u00fcr maximal 3 Jahre, wenn personenbezogene Daten auf Grundlage einer Einwilligung verarbeitet werden. &lt;\/ li&gt;<br \/>\n&lt;\/ ul&gt;<br \/>\n2. Nach eine Aufbewahrungsfrist f\u00fcr die personenbezogenen Daten des Verwalters personenbezogener Daten.<strong>V. <\/strong> <strong> Empf\u00e4nger personenbezogener Daten (Subunternehmer des Administrators) <\/strong>1. Empf\u00e4nger personenbezogener Daten sind Personen<\/p>\n<ul>\n<li>an der Lieferung von Waren \/ Dienstleistungen \/ Ausf\u00fchrung von Zahlungen im Rahmen des Vertrags beteiligt,<\/li>\n<li>Bereitstellung von E-Shop- und anderen E-Shop-Diensten.<\/li>\n<li>Erbringung von Marketingdienstleistungen.<\/li>\n<\/ul>\n<p>2. Der Verantwortliche beabsichtigt nicht, personenbezogene Daten an ein Drittland (Nicht-EU-Land) oder an eine internationale Organisation zu \u00fcbermitteln. Empf\u00e4nger personenbezogener Daten in Drittstaaten sind Mailing-\/Cloud-Dienstleister.<\/p>\n<p><strong> VI. <\/strong> <strong> Ihre Rechte <\/strong><\/p>\n<p>1. Unter den Bedingungen der DSGVO haben Sie<\/p>\n<ul>\n<li>das Recht auf Zugang zu Ihren personenbezogenen Daten gem\u00e4\u00df Artikel 15 der DSGVO,<\/li>\n<li>das Recht auf Berichtigung personenbezogener Daten gem\u00e4\u00df Artikel 16 DSGVO oder Einschr\u00e4nkung der Verarbeitung gem\u00e4\u00df Artikel 18 DSGVO.<\/li>\n<li>das Recht auf L\u00f6schung personenbezogener Daten gem\u00e4\u00df Artikel 17 der DSGVO.<\/li>\n<li>das Recht auf Widerspruch gegen die Verarbeitung gem\u00e4\u00df Artikel 21 der DSGVO und<\/li>\n<li>Das Recht auf Daten\u00fcbertragbarkeit gem\u00e4\u00df Artikel 20 der DSGVO.<\/li>\n<li>das Recht, die Einwilligung zur Verarbeitung schriftlich oder elektronisch an die in Artikel III dieser Bedingungen genannte Adresse oder E-Mail des f\u00fcr die Verarbeitung Verantwortlichen zu widerrufen.<\/li>\n<\/ul>\n<p>2. Sie haben auch das Recht auf Einreichung eine Beschwerde bei der Datenschutzbeh\u00f6rde einreichen, wenn Sie der Meinung sind, dass Ihr Recht auf Privatsph\u00e4re verletzt wurde.<\/p>\n<p><strong>VII. <\/strong> <strong> Datenschutzrichtlinie <\/strong><\/p>\n<p>1. Der Administrator erkl\u00e4rt, dass er alle geeigneten technischen und organisatorischen Ma\u00dfnahmen zum Schutz der personenbezogenen Daten getroffen hat.<\/p>\n<p>2. Der f\u00fcr diehat technische Ma\u00dfnahmen zur Sicherung von Datenbest\u00e4nden und Speichern von personenbezogenen Daten in Papierform getroffen, insbesondere\u2026<\/p>\n<p>Verarbeitung Verantwortliche3. Der Verantwortliche erkl\u00e4rt, dass nur von ihm bevollm\u00e4chtigte Personen Zugang zu personenbezogenen Daten haben.<\/p>\n<p><strong>VIII. <\/strong> <strong> Schlussbestimmungen <\/strong><\/p>\n<p>1. Mit dem Absenden einer Bestellung \u00fcber das Online-Bestellformular best\u00e4tigen Sie, dass Sie mit den Datenschutzbestimmungen vertraut sind und diese vollst\u00e4ndig akzeptieren.<\/p>\n<p>2. Sie stimmen diesen Bedingungen zu, indem Sie die Vereinbarung \u00fcber das Online-Formular \u00fcberpr\u00fcfen. Mit der Pr\u00fcfung der Vereinbarung best\u00e4tigen Sie, dass Sie mit den Bestimmungen zum Schutz personenbezogener Daten vertraut sind und diese vollst\u00e4ndig akzeptieren.<\/p>\n<p>3. Der Administrator ist berechtigt, diese Bedingungen zu \u00e4ndern. Die neue Version dieser Allgemeinen Gesch\u00e4ftsbedingungen wird auf ihrer Website ver\u00f6ffentlicht und gleichzeitig wird Ihnen die neue Version dieser Allgemeinen Gesch\u00e4ftsbedingungen an die E-Mail-Adresse zugesandt, die Sie dem Administrator angegeben haben.<\/p>\n<p>&amp; nbsp;<\/p>\n<p><span style=\"text-decoration: underline;\"> <strong> INFORMATIONEN ZUR VERARBEITUNG PERSONENBEZOGENER DATEN F\u00dcR MARKETING-AKTIVIT\u00c4TEN <\/strong> <\/span><\/p>\n<div>Bei der Verarbeitung personenbezogener Daten, die auf die Einwilligung der betroffenen Personen zum Versand kommerzieller Mitteilungen und f\u00fcr andere Direktmarketingaktivit\u00e4ten des Interneth\u00e4ndlers.<\/div>\n<div><\/div>\n<div><strong> 1. IDENTIFIKATION UND KONTAKTDATEN DES ADMINISTRATORS <\/strong><\/div>\n<div><\/div>\n<div>\n<div>\n<p>1.1. Der Administrator Ihrer personenbezogenen Daten ist die Handelsgesellschaft Eva Solansk\u00e1 mit Sitz in Z\u00e1dve\u0159ice 492, 76312 Z\u00e1dve\u0159ice &#8211; Rakov\u00e1, Identifikationsnummer: 766 03 679, (im Folgenden &#8222;<strong> Administrator <\/strong>&#8222;). &lt;\/div &gt;<\/p>\n<div><\/div>\n<div>1.2. Die Kontaktdaten des Administrators lauten wie folgt: Lieferadresse Z\u00e1dve\u0159ice 492, 76312 Z\u00e1dve\u0159ice &#8211; Rakov\u00e1, E-Mail-Adresse evasolanska@seznam.cz, Telefon: +420 777 481 075.<\/div>\n<\/div>\n<div>&lt;\/div &gt; &lt; div&gt; 1.3. Der Administrator hat keinen Datenschutzbeauftragten ernannt.<\/div>\n<div><\/div>\n<div><strong> 2. RECHTLICHER GRUND F\u00dcR DIE VERARBEITUNG PERSONENBEZOGENER DATEN <\/strong><\/div>\n<div><\/div>\n<div>2.1. Der Rechtsgrund f\u00fcr die Verarbeitung Ihrer personenbezogenen Daten ist Ihre Einwilligung dieses Administrators im Sinne von Artikel 6 Absatz 1 Buchstabe (a) Verordnung 2016\/679 des Europ\u00e4ischen Parlaments und des Rates zum Schutz nat\u00fcrlicher Personen bei der Verarbeitung personenbezogener Daten und zum freien Datenverkehr und zur Aufhebung der Richtlinie 95\/46\/EG (Datenschutz-Grundverordnung) (&#8222;die Verordnung&#8220;) \/ strong&gt; &#8222;).<\/div>\n<div><\/div>\n<div><strong> 3. ZWECK DER VERARBEITUNG PERSONENBEZOGENER DATEN <\/strong><\/div>\n<div><\/div>\n<div>3.1. Der Zweck der Verarbeitung Ihrer personenbezogenen Daten besteht darin, Gesch\u00e4ftsnachrichten zu senden und andere Marketingaktivit\u00e4ten des Administrators gegen\u00fcber Ihrer Person durchzuf\u00fchren.<\/div>\n<div><\/div>\n<div>3.2. Es gibt keine automatische Einzelentscheidung des Administrators im Sinne von Artikel 22 der Verordnung.<\/div>\n<div><\/div>\n<div><strong> 4. DAUER DER SPEICHERUNG PERSONENBEZOGENER DATEN <\/strong><\/div>\n<div><\/div>\n<div>4.1. Der Zeitraum, f\u00fcr den Ihre personenbezogenen Daten vom Administrator gespeichert werden, betr\u00e4gt 5 Jahre, jedoch nicht l\u00e4nger als der Widerruf Ihrer Zustimmung zur Verarbeitung personenbezogener Daten (zu diesem Zweck Verarbeitung).<\/div>\n<div><\/div>\n<div><strong> 5 . ANDERE EMPF\u00c4NGER PERSONENBEZOGENER DATEN <\/strong><\/div>\n<div><\/div>\n<div>5.1. Andere Empf\u00e4nger Ihrer personenbezogenen Daten sind Personen, die Marketingdienstleistungen f\u00fcr Administratoren und Technologieunternehmen erbringen, die Hosting, Betrieb und Betrieb des E-Shops und der Unternehmens-IT-Infrastruktur bereitstellen.<\/div>\n<div><\/div>\n<div>5.2. Der Verantwortliche beabsichtigt nicht, Ihre personenbezogenen Daten in ein Drittland (au\u00dferhalb der EU) oder an eine internationale Organisation zu \u00fcbermitteln.<\/div>\n<div><\/div>\n<div><strong> 6. RECHTE DER DATENBETROFFENEN <\/strong><\/div>\n<div><\/div>\n<div>\n<p>6.1. Unter den in der Verordnung festgelegten Bedingungen haben Sie das Recht, vom Verantwortlichen Auskunft \u00fcber Ihre personenbezogenen Daten zu verlangen, Ihre personenbezogenen Daten zu berichtigen oder zu l\u00f6schen oder deren Verarbeitung einzuschr\u00e4nken, das Recht, der Verarbeitung Ihrer personenbezogenen Daten zu widersprechen , und das Recht, Ihre personenbezogenen Daten zu \u00fcbertragen.div&gt;<\/p>\n<div><\/div>\n<div>6.2. Sie haben das Recht, Ihre Zustimmung zur Verarbeitung Ihrer personenbezogenen Daten jederzeit durch den Administrator zu widerrufen. Dies ber\u00fchrt jedoch nicht die Rechtm\u00e4\u00dfigkeit der Verarbeitung Ihrer personenbezogenen Daten vor einem solchen Widerruf. Sie k\u00f6nnen Ihre Einwilligung zur Verarbeitung personenbezogener Daten wie folgt widerrufen: telefonisch unter +420 777 481 075 oder per E-Mail unter evasolanska@seznam.cz oder per Post an die Adresse Z\u00e1dve\u0159ice 492, 76312 Z\u00e1dve\u0159ice &#8211; Rakov\u00e1. Weiterhin besteht die M\u00f6glichkeit, die Einwilligung zur Verarbeitung der personenbezogenen Daten durch Abmeldung im Footer des erhaltenen Newsletters und anschlie\u00dfender Best\u00e4tigung per E-Mail zu widerrufen.<\/div>\n<div><\/div>\n<div>6.3. Wenn Sie der Ansicht sind, dass die Verarbeitung Ihrer personenbezogenen Daten gegen die Verordnung verst\u00f6\u00dft oder verst\u00f6\u00dft, haben Sie unter anderem das Recht, eine Beschwerde bei der Aufsichtsbeh\u00f6rde einzureichen.<\/div>\n<div><\/div>\n<div>6.4 . Sie sind nicht verpflichtet, personenbezogene Daten bereitzustellen. Die Bereitstellung Ihrer personenbezogenen Daten ist weder gesetzlich, noch vertraglich vorgeschrieben, noch f\u00fcr den Vertragsschluss erforderlich.<\/div>\n<div><\/div>\n<div>Sie haben jederzeit das Recht auf Widerspruch auf die Verarbeitung Ihrer personenbezogenen Daten f\u00fcr Direktmarketingzwecke, einschlie\u00dflich Profiling, wenn sich das Profiling auf dieses Direktmarketing bezieht. Wenn Sie der Verarbeitung Ihrer personenbezogenen Daten f\u00fcr Direktmarketingzwecke widersprechen, werden Ihre personenbezogenen Daten nicht mehr f\u00fcr diese Zwecke verarbeitet.<\/div>\n<div><\/div>\n<div>\n<h4><span style=\"text -dekoration: unterstreichen;\"> Unsere Nutzungsbedingungen f\u00fcr Cookies <\/span><\/h4>\n<p><strong> Was sind Cookies <\/strong><\/p>\n<p>Cookies werden von der \u00fcberwiegenden Mehrheit der Websites verwendet. Dies sind kurze Textdateien, die von einem Webserver erstellt und \u00fcber einen Browser auf Ihrem Computer gespeichert werden. Wenn Sie sp\u00e4ter auf dieselbe Website zur\u00fcckkehren, sendet der Browser das gespeicherte Cookie zur\u00fcck und der Server ruft alle Informationen ab, die er zuvor bei Ihnen gespeichert hat.<\/p>\n<p><strong> Wie verwendet ripples-saddle-pad.com Cookies? <\/strong><\/p>\n<p>Cookies auf der Website des Unternehmens werden von uns oder Dritten (Unternehmen, mit denen wir einen Vertrag haben) gesetzt. Es werden sogenannte relationale und persistente Dateien verwendet. Relational (kurzfristig) sind Cookies, die nach dem Ende der Sitzung endg\u00fcltig gel\u00f6scht werden. Im Gegenteil, Langzeit-Cookies werden auf Ihrem Computer gespeichert, bis sie ablaufen (maximal 2 Jahre) oder nicht von Ihrem Computer gel\u00f6scht werden. Die Dateien erm\u00f6glichen unserem Unternehmen, Ihren wiederholten Besuch wiederzuerkennen.<\/p>\n<p><strong> Wir verwenden auf unserer Website die folgenden Cookies: <\/strong><\/p>\n<ul>\n<li><em> Optimierung &#8211; t <\/em> Mit diesen Dateien k\u00f6nnen Sie anonyme Benutzerdaten (z. B. Klicktrends) verfolgen und eine dauerhafte, nahtlose Seite f\u00fcr alle Benutzer der Site bereitstellen.<\/li>\n<li><em> Analytisch <\/em> &#8211; Diese Dateien werden verwendet, um zu verstehen, wie unsere Website-Besucher sie verwenden und darauf zugreifen. Dadurch k\u00f6nnen sie f\u00fcr die Benutzerbed\u00fcrfnisse optimiert werden, um so benutzerfreundlich wie m\u00f6glich zu sein.<\/li>\n<li><em> Leistung <\/em> &#8211; wichtig f\u00fcr das reibungslose Funktionieren der Website, um die Benutzererfahrung zu verbessern. Sie helfen uns, Ihre Pr\u00e4ferenzen zu speichern, damit Ihr n\u00e4chster Besuch bequemer und leichter zu finden ist.<\/li>\n<li><em> Notwendig <\/em> &#8211; die notwendigen Cookies werden f\u00fcr das reibungslose Funktionieren der Website verwendet &#8211; damit sie sich an Ihre Auswahl und andere Informationen erinnern, damit Sie diese Informationen nicht erneut eingeben m\u00fcssen.<\/li>\n<li><em> Werbung <\/em> &#8211; Werbung und zielgerichtete Cookies zeichnen Ihre Besuche auf unserer Website, die von Ihnen besuchten Seiten und die von Ihnen gefolgten Links auf. Wir verwenden diese Informationen, um Ihnen Werbung anzuzeigen, die f\u00fcr Sie relevant ist. Wir verwenden diese Informationen auch, um die Anzahl der Anzeigenwiederholungen, die Sie sehen, zu begrenzen und die Effektivit\u00e4t Ihrer Werbekampagnen zu messen. Zu diesem Zweck k\u00f6nnen wir diese Informationen auch an Dritte (Werbetreibende) weitergeben. Wir ben\u00f6tigen Ihre Zustimmung, um diese Cookies zu verwenden. Sie k\u00f6nnen Ihre Pr\u00e4ferenzen in Bezug auf Werbung und zielgerichtete Cookies jederzeit in einem Webbrowser wie unten beschrieben festlegen. Diese Cookies sind maximal 2 Jahre g\u00fcltig.<\/li>\n<\/ul>\n<p><strong>und L\u00f6schung von Cookies <\/strong><\/p>\n<p>AblehnungWenn Sie alle Cookies ablehnen oder l\u00f6schen m\u00f6chten, k\u00f6nnen Sie dies in Ihren Browsereinstellungen tun. Wenn Cookies abgelehnt werden, kann die Funktionalit\u00e4t dieser Sites eingeschr\u00e4nkt sein und einige Teile der Site werden m\u00f6glicherweise nicht richtig angezeigt.<\/p>\n<\/div>\n<p>Diese Bedingungen treten am 25.05.2018 in Kraft.<\/p>\n<\/div>\n<\/div>\n<\/li>\n<\/ul>\n","protected":false},"excerpt":{"rendered":"<p>I. Grundlegende Bestimmungen 1. Der Verantwortliche f\u00fcr personenbezogene Daten gem\u00e4\u00df Artikel 4 Absatz 7 der Verordnung (EU) 2016\/679 des Europ\u00e4ischen Parlaments und des Rates zum Schutz nat\u00fcrlicher Personen in Bezug auf zur Verarbeitung personenbezogener Daten und zum freien Datenverkehr (im Folgenden \u201e DSGVO \u201c genannt) ist Eva Solansk\u00e1 I\u010c 766 03 679 mit Sitz in [&hellip;]<\/p>\n","protected":false},"author":2,"featured_media":0,"parent":0,"menu_order":0,"comment_status":"closed","ping_status":"open","template":"","meta":{"footnotes":""},"class_list":["post-12862","page","type-page","status-publish","hentry"],"yoast_head":"<!-- This site is optimized with the Yoast SEO plugin v26.6 - https:\/\/yoast.com\/wordpress\/plugins\/seo\/ -->\n<title>Verarbeitung personenbezogener Daten - Ripples Saddle Pad<\/title>\n<meta name=\"robots\" content=\"index, follow, max-snippet:-1, max-image-preview:large, max-video-preview:-1\" \/>\n<link rel=\"canonical\" href=\"https:\/\/ripples-saddle-pad.com\/de\/verarbeitung-personenbezogener-daten\/\" \/>\n<meta property=\"og:locale\" content=\"de_DE\" \/>\n<meta property=\"og:type\" content=\"article\" \/>\n<meta property=\"og:title\" content=\"Verarbeitung personenbezogener Daten - Ripples Saddle Pad\" \/>\n<meta property=\"og:description\" content=\"I. Grundlegende Bestimmungen 1. Der Verantwortliche f\u00fcr personenbezogene Daten gem\u00e4\u00df Artikel 4 Absatz 7 der Verordnung (EU) 2016\/679 des Europ\u00e4ischen Parlaments und des Rates zum Schutz nat\u00fcrlicher Personen in Bezug auf zur Verarbeitung personenbezogener Daten und zum freien Datenverkehr (im Folgenden \u201e DSGVO \u201c genannt) ist Eva Solansk\u00e1 I\u010c 766 03 679 mit Sitz in [&hellip;]\" \/>\n<meta property=\"og:url\" content=\"https:\/\/ripples-saddle-pad.com\/de\/verarbeitung-personenbezogener-daten\/\" \/>\n<meta property=\"og:site_name\" content=\"Ripples Saddle Pad\" \/>\n<meta property=\"article:publisher\" content=\"https:\/\/www.facebook.com\/RipplesSaddlePad\/\" \/>\n<meta property=\"article:modified_time\" content=\"2022-01-12T15:54:40+00:00\" \/>\n<meta name=\"twitter:card\" content=\"summary_large_image\" \/>\n<meta name=\"twitter:label1\" content=\"Gesch\u00e4tzte Lesezeit\" \/>\n\t<meta name=\"twitter:data1\" content=\"9\u00a0Minuten\" \/>\n<script type=\"application\/ld+json\" class=\"yoast-schema-graph\">{\"@context\":\"https:\/\/schema.org\",\"@graph\":[{\"@type\":\"WebPage\",\"@id\":\"https:\/\/ripples-saddle-pad.com\/de\/verarbeitung-personenbezogener-daten\/\",\"url\":\"https:\/\/ripples-saddle-pad.com\/de\/verarbeitung-personenbezogener-daten\/\",\"name\":\"Verarbeitung personenbezogener Daten - Ripples Saddle Pad\",\"isPartOf\":{\"@id\":\"https:\/\/ripples-saddle-pad.com\/de\/#website\"},\"datePublished\":\"2022-01-12T14:27:29+00:00\",\"dateModified\":\"2022-01-12T15:54:40+00:00\",\"breadcrumb\":{\"@id\":\"https:\/\/ripples-saddle-pad.com\/de\/verarbeitung-personenbezogener-daten\/#breadcrumb\"},\"inLanguage\":\"de\",\"potentialAction\":[{\"@type\":\"ReadAction\",\"target\":[\"https:\/\/ripples-saddle-pad.com\/de\/verarbeitung-personenbezogener-daten\/\"]}]},{\"@type\":\"BreadcrumbList\",\"@id\":\"https:\/\/ripples-saddle-pad.com\/de\/verarbeitung-personenbezogener-daten\/#breadcrumb\",\"itemListElement\":[{\"@type\":\"ListItem\",\"position\":1,\"name\":\"Dom\u016f\",\"item\":\"https:\/\/ripples-saddle-pad.com\/de\/\"},{\"@type\":\"ListItem\",\"position\":2,\"name\":\"Verarbeitung personenbezogener Daten\"}]},{\"@type\":\"WebSite\",\"@id\":\"https:\/\/ripples-saddle-pad.com\/de\/#website\",\"url\":\"https:\/\/ripples-saddle-pad.com\/de\/\",\"name\":\"Ripples Saddle Pad\",\"description\":\"Westernov\u00e9 podsedlov\u00e9 deky\",\"publisher\":{\"@id\":\"https:\/\/ripples-saddle-pad.com\/de\/#organization\"},\"potentialAction\":[{\"@type\":\"SearchAction\",\"target\":{\"@type\":\"EntryPoint\",\"urlTemplate\":\"https:\/\/ripples-saddle-pad.com\/de\/?s={search_term_string}\"},\"query-input\":{\"@type\":\"PropertyValueSpecification\",\"valueRequired\":true,\"valueName\":\"search_term_string\"}}],\"inLanguage\":\"de\"},{\"@type\":\"Organization\",\"@id\":\"https:\/\/ripples-saddle-pad.com\/de\/#organization\",\"name\":\"Ripples Saddle Pad\",\"url\":\"https:\/\/ripples-saddle-pad.com\/de\/\",\"logo\":{\"@type\":\"ImageObject\",\"inLanguage\":\"de\",\"@id\":\"https:\/\/ripples-saddle-pad.com\/de\/#\/schema\/logo\/image\/\",\"url\":\"https:\/\/ripples-saddle-pad.com\/wp-content\/uploads\/2018\/12\/logo.png\",\"contentUrl\":\"https:\/\/ripples-saddle-pad.com\/wp-content\/uploads\/2018\/12\/logo.png\",\"width\":174,\"height\":40,\"caption\":\"Ripples Saddle Pad\"},\"image\":{\"@id\":\"https:\/\/ripples-saddle-pad.com\/de\/#\/schema\/logo\/image\/\"},\"sameAs\":[\"https:\/\/www.facebook.com\/RipplesSaddlePad\/\",\"https:\/\/www.instagram.com\/ripplessaddlepad\/\"]}]}<\/script>\n<!-- \/ Yoast SEO plugin. -->","yoast_head_json":{"title":"Verarbeitung personenbezogener Daten - Ripples Saddle Pad","robots":{"index":"index","follow":"follow","max-snippet":"max-snippet:-1","max-image-preview":"max-image-preview:large","max-video-preview":"max-video-preview:-1"},"canonical":"https:\/\/ripples-saddle-pad.com\/de\/verarbeitung-personenbezogener-daten\/","og_locale":"de_DE","og_type":"article","og_title":"Verarbeitung personenbezogener Daten - Ripples Saddle Pad","og_description":"I. Grundlegende Bestimmungen 1. Der Verantwortliche f\u00fcr personenbezogene Daten gem\u00e4\u00df Artikel 4 Absatz 7 der Verordnung (EU) 2016\/679 des Europ\u00e4ischen Parlaments und des Rates zum Schutz nat\u00fcrlicher Personen in Bezug auf zur Verarbeitung personenbezogener Daten und zum freien Datenverkehr (im Folgenden \u201e DSGVO \u201c genannt) ist Eva Solansk\u00e1 I\u010c 766 03 679 mit Sitz in [&hellip;]","og_url":"https:\/\/ripples-saddle-pad.com\/de\/verarbeitung-personenbezogener-daten\/","og_site_name":"Ripples Saddle Pad","article_publisher":"https:\/\/www.facebook.com\/RipplesSaddlePad\/","article_modified_time":"2022-01-12T15:54:40+00:00","twitter_card":"summary_large_image","twitter_misc":{"Gesch\u00e4tzte Lesezeit":"9\u00a0Minuten"},"schema":{"@context":"https:\/\/schema.org","@graph":[{"@type":"WebPage","@id":"https:\/\/ripples-saddle-pad.com\/de\/verarbeitung-personenbezogener-daten\/","url":"https:\/\/ripples-saddle-pad.com\/de\/verarbeitung-personenbezogener-daten\/","name":"Verarbeitung personenbezogener Daten - Ripples Saddle Pad","isPartOf":{"@id":"https:\/\/ripples-saddle-pad.com\/de\/#website"},"datePublished":"2022-01-12T14:27:29+00:00","dateModified":"2022-01-12T15:54:40+00:00","breadcrumb":{"@id":"https:\/\/ripples-saddle-pad.com\/de\/verarbeitung-personenbezogener-daten\/#breadcrumb"},"inLanguage":"de","potentialAction":[{"@type":"ReadAction","target":["https:\/\/ripples-saddle-pad.com\/de\/verarbeitung-personenbezogener-daten\/"]}]},{"@type":"BreadcrumbList","@id":"https:\/\/ripples-saddle-pad.com\/de\/verarbeitung-personenbezogener-daten\/#breadcrumb","itemListElement":[{"@type":"ListItem","position":1,"name":"Dom\u016f","item":"https:\/\/ripples-saddle-pad.com\/de\/"},{"@type":"ListItem","position":2,"name":"Verarbeitung personenbezogener Daten"}]},{"@type":"WebSite","@id":"https:\/\/ripples-saddle-pad.com\/de\/#website","url":"https:\/\/ripples-saddle-pad.com\/de\/","name":"Ripples Saddle Pad","description":"Westernov\u00e9 podsedlov\u00e9 deky","publisher":{"@id":"https:\/\/ripples-saddle-pad.com\/de\/#organization"},"potentialAction":[{"@type":"SearchAction","target":{"@type":"EntryPoint","urlTemplate":"https:\/\/ripples-saddle-pad.com\/de\/?s={search_term_string}"},"query-input":{"@type":"PropertyValueSpecification","valueRequired":true,"valueName":"search_term_string"}}],"inLanguage":"de"},{"@type":"Organization","@id":"https:\/\/ripples-saddle-pad.com\/de\/#organization","name":"Ripples Saddle Pad","url":"https:\/\/ripples-saddle-pad.com\/de\/","logo":{"@type":"ImageObject","inLanguage":"de","@id":"https:\/\/ripples-saddle-pad.com\/de\/#\/schema\/logo\/image\/","url":"https:\/\/ripples-saddle-pad.com\/wp-content\/uploads\/2018\/12\/logo.png","contentUrl":"https:\/\/ripples-saddle-pad.com\/wp-content\/uploads\/2018\/12\/logo.png","width":174,"height":40,"caption":"Ripples Saddle Pad"},"image":{"@id":"https:\/\/ripples-saddle-pad.com\/de\/#\/schema\/logo\/image\/"},"sameAs":["https:\/\/www.facebook.com\/RipplesSaddlePad\/","https:\/\/www.instagram.com\/ripplessaddlepad\/"]}]}},"_links":{"self":[{"href":"https:\/\/ripples-saddle-pad.com\/de\/wp-json\/wp\/v2\/pages\/12862","targetHints":{"allow":["GET"]}}],"collection":[{"href":"https:\/\/ripples-saddle-pad.com\/de\/wp-json\/wp\/v2\/pages"}],"about":[{"href":"https:\/\/ripples-saddle-pad.com\/de\/wp-json\/wp\/v2\/types\/page"}],"author":[{"embeddable":true,"href":"https:\/\/ripples-saddle-pad.com\/de\/wp-json\/wp\/v2\/users\/2"}],"replies":[{"embeddable":true,"href":"https:\/\/ripples-saddle-pad.com\/de\/wp-json\/wp\/v2\/comments?post=12862"}],"version-history":[{"count":3,"href":"https:\/\/ripples-saddle-pad.com\/de\/wp-json\/wp\/v2\/pages\/12862\/revisions"}],"predecessor-version":[{"id":12913,"href":"https:\/\/ripples-saddle-pad.com\/de\/wp-json\/wp\/v2\/pages\/12862\/revisions\/12913"}],"wp:attachment":[{"href":"https:\/\/ripples-saddle-pad.com\/de\/wp-json\/wp\/v2\/media?parent=12862"}],"curies":[{"name":"wp","href":"https:\/\/api.w.org\/{rel}","templated":true}]}}